{"id":730,"date":"2024-05-17T10:17:35","date_gmt":"2024-05-17T08:17:35","guid":{"rendered":"https:\/\/rezervacie.krajzazitkov.sk\/?post_type=product&#038;p=730"},"modified":"2024-11-05T09:10:38","modified_gmt":"2024-11-05T08:10:38","slug":"rozarium-hudby-7-septembra-2024","status":"publish","type":"product","link":"https:\/\/rezervacie.krajzazitkov.sk\/hu\/termek\/rozarium-hudby-7-septembra-2024\/","title":{"rendered":"Roz\u00e1rium hudby &#8211; 7. septembra 2024"},"content":{"rendered":"<p><span data-contrast=\"auto\">V\u202fseptembri sa v\u202fs\u00eddle Brunsvikovcov v\u202fDolnej Krupej stretn\u00fa Ludwig van Beethoven, Wolfgang Amadeus Mozart a\u202fpre\u0161porsk\u00fd rod\u00e1k, obdivovan\u00fd klav\u00edrny virtu\u00f3z, skladate\u013e, Mozartov \u017eiak a Beethovenov priate\u013e Johann Nepomuk Hummel. T\u00e9mou ich stretnutia bude v\u00e1\u0161e\u0148 \u2013 v\u00e1\u0161e\u0148 pre hudbu, v\u00e1\u0161e\u0148 pre l\u00e1sku, v\u00e1\u0161e\u0148 pre\u202f\u017eivot. <\/span><\/p>\n<p><span data-contrast=\"auto\">V\u202finterpret\u00e1cii klaviristov Claudia Trovajoliho, Jordany Palovi\u010dovej, violon\u010delistu Jozefa Lupt\u00e1ka a\u202f\u010fal\u0161\u00edch vynikaj\u00facich dom\u00e1cich i\u202fzahrani\u010dn\u00fdch hudobn\u00edkov zaznej\u00fa Beethovenove vari\u00e1cie pre violon\u010delo a\u202fklav\u00edr na t\u00e9mu z\u202fMozartovej opery <\/span><i><span data-contrast=\"auto\">\u010carovn\u00e1 flauta<\/span><\/i><span data-contrast=\"auto\">, Hummelovo brilantn\u00e9 <\/span><i><span data-contrast=\"auto\">Septeto, op. 74<\/span><\/i><span data-contrast=\"auto\"> i\u202fjedno z\u202fnajsl\u00e1vnej\u0161\u00edch klav\u00edrnych diel v\u0161etk\u00fdch \u010dias \u2013 \u201eAppassionata\u201c. <\/span><\/p>\n<p><span data-contrast=\"auto\">Son\u00e1ta pln\u00e1 nepokoja a\u202fv\u00e1\u0161ne je dedikovan\u00e1 Franti\u0161kovi Brunsvikovi, bratovi Beethovenov\u00fdch \u017eia\u010dok Ter\u00e9zie a\u202fJozef\u00edny Brunsvikov\u00fdch. Gr\u00f3f Franti\u0161ek Brunsvik sa stal Beethovenov\u00fdm bl\u00edzkym priate\u013eom a bol podobne ako jeho sestry nadan\u00fdm hudobn\u00edkom, hral na violon\u010dele.\u00a0\u00a0\u00a0\u00a0<\/span><span data-ccp-props=\"{}\">\u00a0<\/span><\/p>\n<p><span data-contrast=\"auto\">\u201e<\/span><i><span data-contrast=\"auto\">P\u00fdta\u0161 sa, \u010di je ozaj l\u00e1ska smutn\u00e1. Neviem \u2013 a v tom je moja \u00fatecha. Viem len, \u017ee strachom z nel\u00e1sky \u0165a sputn\u00e1, strachom, \u017ee ni\u010d ti v srdci nenech\u00e1.<\/span><\/i><span data-contrast=\"auto\">\u201c<\/span><span data-ccp-props=\"{}\">\u00a0<\/span><\/p>\n<p><span data-contrast=\"auto\">Vojtech Mih\u00e1lik (<\/span><i><span data-contrast=\"auto\">Appassionata<\/span><\/i><span data-contrast=\"auto\">)<\/span><span data-ccp-props=\"{}\">\u00a0<\/span><\/p>\n<p><a href=\"https:\/\/rezervacie.krajzazitkov.sk\/hu\/piestany-podla-wintera\/\"><strong>&lt;&lt;&lt; Vissza a jegy v\u00e1laszt\u00e1shoz<\/strong><\/a><\/p>","protected":false},"excerpt":{"rendered":"<p><b>Komorn\u00fd koncert v podan\u00ed \u0161pi\u010dkov\u00fdch hudobn\u00edkov uprostred parku ka\u0161tie\u013ea v Dolnej Krupej sa uskuto\u010dn\u00ed v sobotu 7. septembra podve\u010der a bude mu predch\u00e1dza\u0165 z\u00e1\u017eitkov\u00e9 popoludnie s ochutn\u00e1vkou medoviny a komentovan\u00fdmi prehliadkami.\u00a0<\/b><\/p>\n<p><strong>Ceny vstupeniek:<\/strong><\/p>\n<p><strong>Premium<\/strong> (popolud\u0148aj\u0161\u00ed program a ve\u010dern\u00fd koncert) <strong>26 eur<\/strong> (z\u00e1kladn\u00fd) \/ <strong>22 eur<\/strong> (z\u013eavnen\u00fd &#8211; \u00a0senior nad 65 rokov, Z\u0164P, \u0161tudent)<br \/>\n<strong>\u0160tandard<\/strong> (ve\u010dern\u00fd koncert) <strong>22 eur <\/strong>(z\u00e1kladn\u00fd) \/ <strong>18 eur<\/strong> (z\u013eavnen\u00fd &#8211; \u00a0senior nad 65 rokov, Z\u0164P, \u0161tudent)<\/p>\n<p><strong>Deti do 16 rokov maj\u00fa vstup vo\u013en\u00fd<\/strong>, ale je potrebn\u00e1 <strong>registr\u00e1cia formou n\u00e1kupu vstupenky za 0 eur.\u00a0<\/strong><\/p>\n<p>Kontakt: 0948 989 010 <a href=\"mailto:info@krajzazitkov.sk\">info@krajzazitkov.sk<\/a><\/p>\n<p><span data-ccp-props=\"{&quot;201341983&quot;:0,&quot;335559739&quot;:160,&quot;335559740&quot;:279}\">\u00a0<\/span><\/p>","protected":false},"featured_media":731,"template":"","meta":{"neve_meta_sidebar":"","neve_meta_container":"","neve_meta_enable_content_width":"off","neve_meta_content_width":100,"neve_meta_title_alignment":"","neve_meta_author_avatar":"","neve_post_elements_order":"","neve_meta_disable_header":"","neve_meta_disable_footer":"","neve_meta_disable_title":""},"product_brand":[],"product_cat":[15],"product_tag":[],"class_list":{"0":"post-730","1":"product","2":"type-product","3":"status-publish","4":"has-post-thumbnail","6":"product_cat-podujatia","8":"first","9":"outofstock","10":"shipping-taxable","11":"purchasable","12":"product-type-variable"},"_links":{"self":[{"href":"https:\/\/rezervacie.krajzazitkov.sk\/hu\/wp-json\/wp\/v2\/product\/730","targetHints":{"allow":["GET"]}}],"collection":[{"href":"https:\/\/rezervacie.krajzazitkov.sk\/hu\/wp-json\/wp\/v2\/product"}],"about":[{"href":"https:\/\/rezervacie.krajzazitkov.sk\/hu\/wp-json\/wp\/v2\/types\/product"}],"wp:featuredmedia":[{"embeddable":true,"href":"https:\/\/rezervacie.krajzazitkov.sk\/hu\/wp-json\/wp\/v2\/media\/731"}],"wp:attachment":[{"href":"https:\/\/rezervacie.krajzazitkov.sk\/hu\/wp-json\/wp\/v2\/media?parent=730"}],"wp:term":[{"taxonomy":"product_brand","embeddable":true,"href":"https:\/\/rezervacie.krajzazitkov.sk\/hu\/wp-json\/wp\/v2\/product_brand?post=730"},{"taxonomy":"product_cat","embeddable":true,"href":"https:\/\/rezervacie.krajzazitkov.sk\/hu\/wp-json\/wp\/v2\/product_cat?post=730"},{"taxonomy":"product_tag","embeddable":true,"href":"https:\/\/rezervacie.krajzazitkov.sk\/hu\/wp-json\/wp\/v2\/product_tag?post=730"}],"curies":[{"name":"wp","href":"https:\/\/api.w.org\/{rel}","templated":true}]}}