{"id":293,"date":"2024-03-21T10:49:20","date_gmt":"2024-03-21T09:49:20","guid":{"rendered":"https:\/\/rezervacie.krajzazitkov.sk\/?post_type=product&#038;p=293"},"modified":"2024-10-23T15:38:36","modified_gmt":"2024-10-23T13:38:36","slug":"sastinske-duny-sobota-26-oktobra-2024-o-1000-hod","status":"publish","type":"product","link":"https:\/\/rezervacie.krajzazitkov.sk\/hu\/termek\/sastinske-duny-sobota-26-oktobra-2024-o-1000-hod\/","title":{"rendered":"\u0160a\u0161t\u00ednske duny &#8211; Sobota 26. okt\u00f3bra 2024 o 10:00 hod."},"content":{"rendered":"<p class=\"m_2023905363321090192paragraph\"><em><span class=\"m_2023905363321090192normaltextrun\">\u00da\u010dastn\u00edci organizovan\u00fdch prehliadok s\u00fa si vedom\u00ed, \u017ee turistika je akt\u00edvny \u0161port a jeho vykon\u00e1vanie je spojen\u00e9 s fyzickou n\u00e1mahou.\u00a0<\/span><span class=\"m_2023905363321090192eop\">\u00a0<\/span><u><\/u><u><\/u><\/em><\/p>\n<p class=\"m_2023905363321090192paragraph\"><em><span class=\"m_2023905363321090192normaltextrun\">Organizovan\u00e9 prehliadky s\u00fa aktivity, ktor\u00e9 s\u00fa realizovan\u00e9 v kolekt\u00edve \u013eud\u00ed, preto si vy\u017eaduj\u00fa primeran\u00fa fyzick\u00fa a psychick\u00fa dispoz\u00edciu, schopnos\u0165 prisp\u00f4sobi\u0165 sa a by\u0165 s\u00fa\u010dinn\u00fd. Osob\u00e1m so zdravotn\u00fdmi a telesn\u00fdmi obmedzeniami sa neodpor\u00fa\u010da z\u00fa\u010dastni\u0165 sa tejto organizovanej aktivity.\u00a0<\/span><span class=\"m_2023905363321090192eop\">\u00a0<\/span><u><\/u><u><\/u><\/em><\/p>\n<p class=\"m_2023905363321090192paragraph\"><em><span class=\"m_2023905363321090192normaltextrun\">KORC Trnavsk\u00fd kraj m\u00e1 z\u00e1ujem, aby organizovan\u00e9 prehliadky prebiehali v priate\u013eskej atmosf\u00e9re, \u00fa\u010dastn\u00edci mali pozit\u00edvny pr\u00edstup k akt\u00edvnej turistike a re\u0161pektovali v\u00fdklad sprev\u00e1dzaj\u00faceho.<\/span><span class=\"m_2023905363321090192eop\">\u00a0<\/span><u><\/u><u><\/u><\/em><\/p>\n<p class=\"m_2023905363321090192paragraph\"><em><span class=\"m_2023905363321090192normaltextrun\">Sprev\u00e1dzaj\u00faci\/organiz\u00e1tor m\u00e1 pr\u00e1vo bez n\u00e1roku na n\u00e1hradu vyl\u00fa\u010di\u0165 z\u202forganizovanej prehliadky osoby nar\u00fa\u0161aj\u00face priebeh prehliadky, pr\u00edp. in\u00e9 osoby, a\u202fto v\u202fs\u00falade so V\u0161eobecn\u00fdmi obchodn\u00fdmi podmienkami KOCR Trnavsk\u00fd kraj.\u00a0<\/span><span class=\"m_2023905363321090192eop\">\u00a0<\/span><u><\/u><u><\/u><\/em><\/p>\n<p class=\"m_2023905363321090192paragraph\"><em><span class=\"m_2023905363321090192normaltextrun\">KOCR Trnavsk\u00fd kraj nenesie \u017eiadnu zodpovednos\u0165 za ujmu na zdrav\u00ed \u00fa\u010dastn\u00edkov prehliadky a in\u00fdch \u0161kod\u00e1ch vzniknut\u00fdch na trase prehliadok bez zavinenia KOCR Trnavsk\u00fd kraj.\u00a0<\/span><span class=\"m_2023905363321090192eop\">\u00a0<\/span><\/em><u><\/u><u><\/u><\/p>\n<p><a href=\"https:\/\/rezervacie.krajzazitkov.sk\/hu\/jesenne-lesopotulky\/\"><strong>&lt;&lt;&lt; Vissza a jegy v\u00e1laszt\u00e1shoz<\/strong><\/a><\/p>","protected":false},"excerpt":{"rendered":"<p><strong><span class=\"TextRun SCXW125711023 BCX0\" lang=\"SK-SK\" xml:lang=\"SK-SK\" data-contrast=\"none\"><span class=\"NormalTextRun SCXW125711023 BCX0\">Za\u010diatok v\u00fdletu, ktor\u00fd sa uskuto\u010dn\u00ed 26. okt\u00f3bra,\u00a0 je na parkovisku v rekrea\u010dnej oblasti <\/span><span class=\"NormalTextRun SpellingErrorV2Themed SCXW125711023 BCX0\">Gaz\u00e1rka<\/span><span class=\"NormalTextRun SCXW125711023 BCX0\">, \u0160a\u0161t\u00edn-Str\u00e1\u017ee (48.632189, 17.139083). \u010cas stretnutia je 9:45 h, vych\u00e1dzka sa za\u010dne o 10:00 h.<\/span><\/span><span class=\"EOP SCXW125711023 BCX0\" data-ccp-props=\"{&quot;201341983&quot;:0,&quot;335559739&quot;:160,&quot;335559740&quot;:259}\">\u00a0<\/span><\/strong><\/p>\n<p><strong><span class=\"TextRun SCXW125182039 BCX0\" lang=\"SK-SK\" xml:lang=\"SK-SK\" data-contrast=\"none\"><span class=\"NormalTextRun SCXW125182039 BCX0\">Okruh meria 9,3 km, na jeho absolvovanie s\u00fa potrebn\u00e9 4 hodiny. Vyd\u00e1me sa na\u0148 v sprievode lesn\u00e9ho pedag\u00f3ga. Trasa je rovinat\u00e1 a chodn\u00edky pies\u010dit\u00e9. Celkov\u00e9 prev\u00fd\u0161enie na trase je pribli\u017ene 40 m.<\/span><\/span><span class=\"EOP SCXW125182039 BCX0\" data-ccp-props=\"{&quot;201341983&quot;:0,&quot;335559739&quot;:160,&quot;335559740&quot;:259}\">\u00a0<\/span><\/strong><\/p>\n<p><b><span data-contrast=\"none\">\u010co si zobra\u0165 so sebou?<\/span><\/b><span data-ccp-props=\"{&quot;201341983&quot;:0,&quot;335559739&quot;:160,&quot;335559740&quot;:259}\">\u00a0<\/span><\/p>\n<p><span data-contrast=\"auto\"><strong>Na tento nen\u00e1ro\u010dn\u00fd v\u00fdlet nepotrebujete \u0161peci\u00e1lne vybavenie, zaba\u013ete si hlavne dobr\u00fa n\u00e1ladu.<\/strong><\/span><strong>\u00a0<\/strong><\/p>\n<p>\u00c9rintkez\u00e9s <a href=\"mailto:info@krajzazitkov.sk\">info@krajzazitkov.sk<\/a><\/p>\n<p class=\"m_2023905363321090192paragraph\"><span class=\"m_2023905363321090192normaltextrun\">Cena jednej vstupenky je <strong>12 eur<\/strong> (plat\u00ed pre v\u0161etky vekov\u00e9 kateg\u00f3rie).<u><\/u><u><\/u><\/span><\/p>","protected":false},"featured_media":920,"template":"","meta":{"neve_meta_sidebar":"","neve_meta_container":"","neve_meta_enable_content_width":"off","neve_meta_content_width":100,"neve_meta_title_alignment":"","neve_meta_author_avatar":"","neve_post_elements_order":"","neve_meta_disable_header":"","neve_meta_disable_footer":"","neve_meta_disable_title":""},"product_brand":[],"product_cat":[15],"product_tag":[],"class_list":{"0":"post-293","1":"product","2":"type-product","3":"status-publish","4":"has-post-thumbnail","6":"product_cat-podujatia","8":"first","9":"outofstock","10":"shipping-taxable","11":"purchasable","12":"product-type-simple"},"_links":{"self":[{"href":"https:\/\/rezervacie.krajzazitkov.sk\/hu\/wp-json\/wp\/v2\/product\/293","targetHints":{"allow":["GET"]}}],"collection":[{"href":"https:\/\/rezervacie.krajzazitkov.sk\/hu\/wp-json\/wp\/v2\/product"}],"about":[{"href":"https:\/\/rezervacie.krajzazitkov.sk\/hu\/wp-json\/wp\/v2\/types\/product"}],"wp:featuredmedia":[{"embeddable":true,"href":"https:\/\/rezervacie.krajzazitkov.sk\/hu\/wp-json\/wp\/v2\/media\/920"}],"wp:attachment":[{"href":"https:\/\/rezervacie.krajzazitkov.sk\/hu\/wp-json\/wp\/v2\/media?parent=293"}],"wp:term":[{"taxonomy":"product_brand","embeddable":true,"href":"https:\/\/rezervacie.krajzazitkov.sk\/hu\/wp-json\/wp\/v2\/product_brand?post=293"},{"taxonomy":"product_cat","embeddable":true,"href":"https:\/\/rezervacie.krajzazitkov.sk\/hu\/wp-json\/wp\/v2\/product_cat?post=293"},{"taxonomy":"product_tag","embeddable":true,"href":"https:\/\/rezervacie.krajzazitkov.sk\/hu\/wp-json\/wp\/v2\/product_tag?post=293"}],"curies":[{"name":"wp","href":"https:\/\/api.w.org\/{rel}","templated":true}]}}