{"id":1842,"date":"2026-03-31T12:54:58","date_gmt":"2026-03-31T10:54:58","guid":{"rendered":"https:\/\/rezervacie.krajzazitkov.sk\/?post_type=product&#038;p=1842"},"modified":"2026-04-09T14:20:54","modified_gmt":"2026-04-09T12:20:54","slug":"holic-a-skalica-26-5-2026","status":"publish","type":"product","link":"https:\/\/rezervacie.krajzazitkov.sk\/hu\/termek\/holic-a-skalica-26-5-2026\/","title":{"rendered":"Seniorsk\u00e9 cestovanie: Hol\u00ed\u010d a Skalica | 26. 5. 2026 | VYPREDAN\u00c9"},"content":{"rendered":"<p><strong>\u00da\u010dastn\u00edkom v\u00fdletu mus\u00ed by\u0165 v\u00fdlu\u010dne osoba seniorsk\u00e9ho veku, s trval\u00fdm, resp. prechodn\u00fdm pobytom v\u00a0Olomouckom kraji v \u010ceskej republike.\u00a0\u00a0<\/strong><\/p>\n<p><span data-contrast=\"auto\">\u00da\u010dastn\u00edk v\u00fdletu si hrad\u00ed cestovn\u00e9 poistenie na vlastn\u00e9 n\u00e1klady.\u00a0<\/span><span data-ccp-props=\"{}\">\u00a0<\/span><\/p>\n<p><span data-contrast=\"auto\">Tento organizovan\u00fd v\u00fdlet v kolekt\u00edve \u013eud\u00ed vy\u017eaduje primeran\u00fa fyzick\u00fa a psychick\u00fa dispoz\u00edciu, schopnos\u0165 prisp\u00f4sobi\u0165 sa a by\u0165 s\u00fa\u010dinn\u00fd. Osob\u00e1m so zdravotn\u00fdmi a telesn\u00fdmi obmedzeniami sa neodpor\u00fa\u010da z\u00fa\u010dastni\u0165 sa tejto organizovanej aktivity.\u00a0\u00a0\u00a0<\/span><span data-ccp-props=\"{}\">\u00a0<\/span><\/p>\n<p><span data-contrast=\"auto\">KOCR Trnavsk\u00fd kraj m\u00e1 z\u00e1ujem, aby organizovan\u00e9 v\u00fdlety prebiehali v priate\u013eskej atmosf\u00e9re, \u00fa\u010dastn\u00edci mali pozit\u00edvny pr\u00edstup k spolo\u010dn\u00fdm aktivit\u00e1m. V\u0161etci \u00fa\u010dastn\u00edci s\u00fa povinn\u00ed sledova\u0165 in\u0161trukcie a dodr\u017eiava\u0165 pravidl\u00e1 ur\u010den\u00e9 organiz\u00e1torom.\u00a0\u00a0\u00a0<\/span><span data-ccp-props=\"{}\">\u00a0<\/span><\/p>\n<p><span data-contrast=\"auto\">KOCR Trnavsk\u00fd kraj nenesie \u017eiadnu zodpovednos\u0165 za ujmu na zdrav\u00ed \u00fa\u010dastn\u00edkov v\u00fdletu a in\u00fdch \u0161kod\u00e1ch vzniknut\u00fdch na v\u00fdlete bez zavinenia KOCR Trnavsk\u00fd kraj, a to v s\u00falade so <a href=\"https:\/\/krajzazitkov.sk\/vseobecne-obchodne-podmienky\/\">V\u0161eobecn\u00fdmi obchodn\u00fdmi podmienkami<\/a> KOCR Trnavsk\u00fd kraj.\u00a0\u00a0\u00a0<\/span><span data-ccp-props=\"{}\">\u00a0<\/span><\/p>\n<p><a href=\"https:\/\/rezervacie.krajzazitkov.sk\/hu\/seniorske-cestovanie\/\"><strong>&lt;&lt;&lt; Vissza a jegy v\u00e1laszt\u00e1shoz<\/strong><\/a><\/p>","protected":false},"excerpt":{"rendered":"<p><span data-contrast=\"auto\">Objavte \u010daro Z\u00e1horia po\u010das pr\u00edjemn\u00e9ho v\u00fdletu do dvoch miest ne\u010faleko \u010desko-slovenskej hranice. Hol\u00ed\u010d v\u00e1s zavedie do \u010dias cis\u00e1rovnej M\u00e1rie Ter\u00e9zie, zatia\u013e \u010do Skalica v\u00e1s o\u010dar\u00ed historick\u00fdm centrom a vinohradn\u00edckou trad\u00edciou. Na z\u00e1ver v\u00fdletu ochutn\u00e1te v\u00edno Skalick\u00fd rub\u00edn a origin\u00e1lny Skalick\u00fd trdeln\u00edk.<\/span><span data-ccp-props=\"{&quot;134233117&quot;:false,&quot;134233118&quot;:false,&quot;335559738&quot;:240,&quot;335559739&quot;:240}\">\u00a0<\/span><\/p>\n<p><strong>V utorok 26. 5. 2026 v\u00e1s z Olomouca a P\u0159erova do Trnavsk\u00e9ho kraja pohodlne doprav\u00edme autobusom. \u00a0<\/strong><\/p>\n<p><span data-contrast=\"auto\">Program\u00a0sa\u00a0za\u010d\u00edna v meste Hol\u00ed\u010d\u00a0s bohatou habsburskou hist\u00f3riou.\u00a0Nav\u0161t\u00edvite <strong>barokovo-klasicistick\u00fd\u00a0Hol\u00ed\u010dsky\u00a0z\u00e1mok<\/strong>, ktor\u00fd patril medzi ob\u013e\u00faben\u00e9 s\u00eddla cis\u00e1rovnej M\u00e1rie Ter\u00e9zie a jej man\u017eela Franti\u0161ka Lotrinsk\u00e9ho. Po\u010das prehliadky sa dozviete zauj\u00edmav\u00e9 pr\u00edbehy panovn\u00edckeho dvora aj hospod\u00e1rskeho \u017eivota na z\u00e1mockom panstve.\u00a0S\u00fa\u010das\u0165ou programu je aj n\u00e1v\u0161teva bylinkovej z\u00e1hrady,\u00a0pripom\u00ednaj\u00faca\u00a0trad\u00edcie pestovania lie\u010div\u00fdch rastl\u00edn v regi\u00f3ne.<\/span><span data-ccp-props=\"{&quot;134233117&quot;:false,&quot;134233118&quot;:false,&quot;335559738&quot;:240,&quot;335559739&quot;:240}\">\u00a0<\/span><\/p>\n<p><span data-contrast=\"auto\">Nasleduje <strong>oddych pri obede v pr\u00edjemnom prostred\u00ed\u00a0Re\u0161taur\u00e1cie Jozef II.\u00a0<\/strong>s ponukou\u00a0region\u00e1lnych jed\u00e1l.\u00a0Po obede nasleduje\u00a0<strong>presun autobusom\u00a0do Skalice<\/strong>. \u00dazke uli\u010dky a zachovan\u00e9 me\u0161tianske domy vytv\u00e1raj\u00fa jedine\u010dn\u00fa atmosf\u00e9ru starobyl\u00e9ho kr\u00e1\u013eovsk\u00e9ho mesta.\u00a0<strong>Po\u010das komentovanej prehliadky<\/strong>\u00a0spozn\u00e1te\u00a0najv\u00fdznamnej\u0161ie pamiatky historick\u00e9ho centra \u2013 Spolkov\u00fd dom\u00a0od architekta <strong>Du\u0161ana Jurkovi\u010da<\/strong>, historick\u00fa lek\u00e1re\u0148 \u010di\u00a0jezuitsk\u00fd\u00a0Kostol sv. Franti\u0161ka\u00a0Xaversk\u00e9ho.\u00a0<\/span><span data-ccp-props=\"{&quot;134233117&quot;:false,&quot;134233118&quot;:false,&quot;201341983&quot;:0,&quot;335559738&quot;:240,&quot;335559739&quot;:240,&quot;335559740&quot;:276}\">\u00a0<\/span><\/p>\n<p><span data-contrast=\"auto\">Na z\u00e1ver d\u0148a v\u00e1s \u010dak\u00e1\u00a0ochutn\u00e1vka\u00a0origin\u00e1lneho\u00a0<strong>trdeln\u00edka\u00a0<\/strong>a\u00a0skalick\u00fdch v\u00edn\u00a0<strong>vo\u00a0Vinot\u00e9ke\u00a0u Franti\u0161k\u00e1nov<\/strong>. Dozviete sa tak o vinohradn\u00edckej hist\u00f3rii a trad\u00edci\u00e1ch regi\u00f3nu.\u00a0Po dni plnom hist\u00f3rie, chut\u00ed a v\u00f4n\u00ed sa vyd\u00e1te na cestu domov.<\/span><span data-ccp-props=\"{&quot;134233117&quot;:false,&quot;134233118&quot;:false,&quot;201341983&quot;:0,&quot;335559738&quot;:240,&quot;335559739&quot;:240,&quot;335559740&quot;:276}\">\u00a0<\/span><\/p>\n<p><b><span data-contrast=\"auto\">Cena: <\/span><\/b><span data-contrast=\"auto\">Jednotn\u00e1\u00a0cena so z\u013eavou pre seniorov\u00a0je<strong> 20 eur <\/strong>&#8211; <span class=\"TextRun SCXW4578649 BCX0\" lang=\"SK-SK\" xml:lang=\"SK-SK\" data-contrast=\"auto\"><span class=\"NormalTextRun SCXW4578649 BCX0\">zah\u0155\u0148a dopravu autobusom na Z\u00e1horie a sp\u00e4\u0165, prehliadku\u00a0<\/span><span class=\"NormalTextRun SpellingErrorV2Themed SCXW4578649 BCX0\">Hol\u00ed\u010dskeho<\/span><span class=\"NormalTextRun SCXW4578649 BCX0\">\u00a0z\u00e1mku,\u00a0<\/span><span class=\"NormalTextRun SCXW4578649 BCX0\">3<\/span><span class=\"NormalTextRun SCXW4578649 BCX0\">&#8211;<\/span><span class=\"NormalTextRun SCXW4578649 BCX0\">chodov\u00fd\u00a0<\/span><span class=\"NormalTextRun SCXW4578649 BCX0\">obed<\/span><span class=\"NormalTextRun SCXW4578649 BCX0\">\u00a0s 0,33l miner\u00e1lkou alebo mal\u00fdm pivom\u00a0<\/span><span class=\"NormalTextRun SCXW4578649 BCX0\">(<\/span><span class=\"NormalTextRun SCXW4578649 BCX0\">0,3l<\/span><span class=\"NormalTextRun SCXW4578649 BCX0\">)<\/span><span class=\"NormalTextRun SCXW4578649 BCX0\">,\u00a0<\/span><span class=\"NormalTextRun SCXW4578649 BCX0\">prehliadku\u00a0<\/span><span class=\"NormalTextRun SCXW4578649 BCX0\">mesta Skalica, ochutn\u00e1vk<\/span><span class=\"NormalTextRun SCXW4578649 BCX0\">u<\/span><span class=\"NormalTextRun SCXW4578649 BCX0\">\u00a0<\/span><span class=\"NormalTextRun SCXW4578649 BCX0\">3\u00a0<\/span><span class=\"NormalTextRun SCXW4578649 BCX0\">vzoriek\u00a0<\/span><span class=\"NormalTextRun SCXW4578649 BCX0\">skalick\u00e9ho v\u00edna\u00a0<\/span><span class=\"NormalTextRun SCXW4578649 BCX0\">a sprievod deleg\u00e1ta po\u010das cel\u00e9ho d\u0148a.\u00a0\u00a0<\/span><\/span><span class=\"EOP SCXW4578649 BCX0\" data-ccp-props=\"{}\">\u00a0<\/span><\/span><\/p>\n<p><span data-contrast=\"auto\">Na va\u0161e ot\u00e1zky radi odpovieme telefonicky na \u010d\u00edsle +421 948 989 012 alebo +421 947 958 993 alebo e-mailom <\/span><a href=\"mailto:info@krajzazitkov.sk\"><span data-contrast=\"none\">info@krajzazitkov.sk<\/span><\/a><span data-contrast=\"auto\">.<\/span><span data-ccp-props=\"{}\">\u00a0<\/span><\/p>\n<p><b><span data-contrast=\"auto\">N\u00e1stupn\u00e9 miesta:\u00a0<\/span><\/b><span data-ccp-props=\"{&quot;134233117&quot;:false,&quot;134233118&quot;:false,&quot;335559738&quot;:0,&quot;335559739&quot;:0}\">\u00a0<\/span><\/p>\n<p><span data-contrast=\"auto\">7:00 h\u00a0Olomouc \u2013 Hotel\u00a0Clarion<\/span><span data-ccp-props=\"{&quot;134233117&quot;:false,&quot;134233118&quot;:false,&quot;335559738&quot;:0,&quot;335559739&quot;:0}\"><br \/>\n<\/span><span data-contrast=\"auto\">7:30 h\u00a0P\u0159erov\u00a0\u2013 autobusov\u00e1 zast\u00e1vka\u00a0Velk\u00e1\u00a0Dl\u00e1\u017eka (sm\u011br\u00a0z\u00a0m\u011bsta)<\/span><span data-ccp-props=\"{&quot;134233117&quot;:false,&quot;134233118&quot;:false,&quot;335559738&quot;:0,&quot;335559739&quot;:0}\">\u00a0<\/span><\/p>\n<p><b><span data-contrast=\"none\">Program v\u00fdletu:<\/span><\/b><span data-contrast=\"none\">\u00a0<\/span><span data-ccp-props=\"{&quot;134233117&quot;:false,&quot;134233118&quot;:false,&quot;335559685&quot;:0,&quot;335559738&quot;:0,&quot;335559739&quot;:0}\">\u00a0<\/span><\/p>\n<p><span data-contrast=\"none\">10:00 Pr\u00edchod do Hol\u00ed\u010da\u00a0<\/span><span data-ccp-props=\"{&quot;134233117&quot;:false,&quot;134233118&quot;:false,&quot;335557856&quot;:16777215,&quot;335559738&quot;:0,&quot;335559739&quot;:0}\"><br \/>\n<\/span><span data-contrast=\"none\">10:00 \u2013 12:15 Prehliadka\u00a0Hol\u00ed\u010dskeho\u00a0z\u00e1mku a n\u00e1v\u0161teva bylinkovej z\u00e1hrady<\/span><span data-ccp-props=\"{&quot;134233117&quot;:false,&quot;134233118&quot;:false,&quot;335557856&quot;:16777215,&quot;335559738&quot;:0,&quot;335559739&quot;:0}\"><br \/>\n<\/span><span data-contrast=\"none\">12:30 \u2013 14:00 Obed (Re\u0161taur\u00e1cia Jozefa II.)<\/span><span data-ccp-props=\"{&quot;134233117&quot;:false,&quot;134233118&quot;:false,&quot;335557856&quot;:16777215,&quot;335559738&quot;:0,&quot;335559739&quot;:0}\"><br \/>\n<\/span><span data-contrast=\"none\">14:00 \u2013 14:15 Presun do Skalice<\/span><span data-ccp-props=\"{&quot;134233117&quot;:false,&quot;134233118&quot;:false,&quot;335557856&quot;:16777215,&quot;335559738&quot;:0,&quot;335559739&quot;:0}\"><br \/>\n<\/span><span data-contrast=\"none\">14:15 \u2013 15:45 Prehliadka najv\u00fdznamnej\u0161\u00edch pamiatok Skalice (Spolkov\u00fd dom v Skalici,\u00a0historick\u00e1\u00a0lek\u00e1re\u0148,\u00a0jezuitsk\u00fd kostol sv. Franti\u0161ka\u00a0Xaversk\u00e9ho)<\/span><span data-ccp-props=\"{&quot;134233117&quot;:false,&quot;134233118&quot;:false,&quot;335557856&quot;:16777215,&quot;335559738&quot;:0,&quot;335559739&quot;:0}\"><br \/>\n<\/span><span data-contrast=\"none\">16:00 \u2013 17:00 Ochutn\u00e1vka v\u00edna vo\u00a0Vinot\u00e9ke\u00a0u Franti\u0161k\u00e1nov<\/span><span data-ccp-props=\"{&quot;134233117&quot;:false,&quot;134233118&quot;:false,&quot;335557856&quot;:16777215,&quot;335559738&quot;:0,&quot;335559739&quot;:0}\"><br \/>\n<\/span><span data-contrast=\"none\">17:00 Cesta sp\u00e4\u0165 do \u010ceska<\/span><span data-ccp-props=\"{&quot;134233117&quot;:false,&quot;134233118&quot;:false,&quot;335557856&quot;:16777215,&quot;335559738&quot;:0,&quot;335559739&quot;:0}\">\u00a0<\/span><\/p>","protected":false},"featured_media":1841,"template":"","meta":{"neve_meta_sidebar":"","neve_meta_container":"","neve_meta_enable_content_width":"off","neve_meta_content_width":100,"neve_meta_title_alignment":"","neve_meta_author_avatar":"","neve_post_elements_order":"","neve_meta_disable_header":"","neve_meta_disable_footer":"","neve_meta_disable_title":""},"product_brand":[],"product_cat":[15],"product_tag":[],"class_list":{"0":"post-1842","1":"product","2":"type-product","3":"status-publish","4":"has-post-thumbnail","6":"product_cat-podujatia","8":"first","9":"outofstock","10":"shipping-taxable","11":"purchasable","12":"product-type-variable"},"_links":{"self":[{"href":"https:\/\/rezervacie.krajzazitkov.sk\/hu\/wp-json\/wp\/v2\/product\/1842","targetHints":{"allow":["GET"]}}],"collection":[{"href":"https:\/\/rezervacie.krajzazitkov.sk\/hu\/wp-json\/wp\/v2\/product"}],"about":[{"href":"https:\/\/rezervacie.krajzazitkov.sk\/hu\/wp-json\/wp\/v2\/types\/product"}],"wp:featuredmedia":[{"embeddable":true,"href":"https:\/\/rezervacie.krajzazitkov.sk\/hu\/wp-json\/wp\/v2\/media\/1841"}],"wp:attachment":[{"href":"https:\/\/rezervacie.krajzazitkov.sk\/hu\/wp-json\/wp\/v2\/media?parent=1842"}],"wp:term":[{"taxonomy":"product_brand","embeddable":true,"href":"https:\/\/rezervacie.krajzazitkov.sk\/hu\/wp-json\/wp\/v2\/product_brand?post=1842"},{"taxonomy":"product_cat","embeddable":true,"href":"https:\/\/rezervacie.krajzazitkov.sk\/hu\/wp-json\/wp\/v2\/product_cat?post=1842"},{"taxonomy":"product_tag","embeddable":true,"href":"https:\/\/rezervacie.krajzazitkov.sk\/hu\/wp-json\/wp\/v2\/product_tag?post=1842"}],"curies":[{"name":"wp","href":"https:\/\/api.w.org\/{rel}","templated":true}]}}