{"id":1435,"date":"2025-04-29T09:45:34","date_gmt":"2025-04-29T07:45:34","guid":{"rendered":"https:\/\/rezervacie.krajzazitkov.sk\/?post_type=product&#038;p=1435"},"modified":"2025-10-14T19:40:54","modified_gmt":"2025-10-14T17:40:54","slug":"piestany-podla-wintera-25-oktobra-2025-o-1330","status":"publish","type":"product","link":"https:\/\/rezervacie.krajzazitkov.sk\/hu\/termek\/piestany-podla-wintera-25-oktobra-2025-o-1330\/","title":{"rendered":"Pie\u0161\u0165any pod\u013ea Wintera &#8211; 25. okt\u00f3bra 2025 o 13:30"},"content":{"rendered":"<p><em>Egy-egy v\u00e1rosn\u00e9z\u00e9sre f\u00fclhallgat\u00f3t is tudunk k\u00f6lcs\u00f6n\u00f6zni, melynek haszn\u00e1lat\u00e1\u00e9rt 20 \u20ac kauci\u00f3t k\u00e9r\u00fcnk. A v\u00e1rosn\u00e9z\u00e9s v\u00e9gezt\u00e9vel a f\u00fclhallgat\u00f3k visszaszolg\u00e1ltat\u00e1sa ut\u00e1n a kauci\u00f3t visszat\u00e9r\u00edtj\u00fck.<br \/>\n<\/em><\/p>\n<p><span class=\"TextRun SCXW179809080 BCX0\" lang=\"SK-SK\" xml:lang=\"SK-SK\" data-contrast=\"auto\"><em><span class=\"NormalTextRun SCXW179809080 BCX0\">A Trnava r\u00e9gi\u00f3 region\u00e1lis turisztikai szervezete nem v\u00e1llal felel\u0151ss\u00e9get a rendezv\u00e9ny r\u00e9sztvev\u0151it \u00e9rt s\u00e9r\u00fcl\u00e9sek\u00e9rt \u00e9s a rendezv\u00e9nyen a Trnava r\u00e9gi\u00f3 region\u00e1lis turisztikai szervezete hib\u00e1j\u00e1n k\u00edv\u00fcl bek\u00f6vetkezett egy\u00e9b k\u00e1rok\u00e9rt. <\/span><span class=\"NormalTextRun SCXW179809080 BCX0\">na podujat\u00ed <\/span><span class=\"NormalTextRun SCXW179809080 BCX0\">bez zavinenia KOCR Trnavsk\u00fd kraj<\/span><\/em><span class=\"NormalTextRun SCXW179809080 BCX0\">.\u00a0<\/span><\/span><span class=\"EOP SCXW179809080 BCX0\" data-ccp-props=\"{&quot;201341983&quot;:0,&quot;335551550&quot;:6,&quot;335551620&quot;:6,&quot;335559739&quot;:160,&quot;335559740&quot;:259}\">\u00a0<\/span><\/p>\n<p><a href=\"https:\/\/rezervacie.krajzazitkov.sk\/hu\/piestany-podla-wintera-jar-2025\/\"><strong>&lt;&lt;&lt; Vissza a jegy v\u00e1laszt\u00e1shoz<\/strong><\/a><\/p>","protected":false},"excerpt":{"rendered":"<p>\u00c9lm\u00e9nyalap\u00fa t\u00fara, amelyben az elt\u00f6k\u00e9lt \u00fczletember, \u013dudov\u00edt Winter eml\u00e9kei hallhat\u00f3k a f\u00fclhallgat\u00f3kon kereszt\u00fcl, \u00e9s sz\u00edn\u00e9szek t\u00f6rt\u00e9nelmi jelmezekben l\u00e9pnek fel k\u00f6zvetlen\u00fcl az utc\u00e1kon. Winter szerint P\u00f6sty\u00e9n a dr\u00e1mai m\u0171 \u00e9s a komment\u00e1lt s\u00e9ta hat\u00e1r\u00e1n helyezkedik el. A t\u00fara alapj\u00e1t egy olyan f\u00e9rfi eml\u00e9kiratai adj\u00e1k, aki m\u00e1r 20 \u00e9vesen elkezdte \u00e9p\u00edteni a p\u00f6sty\u00e9ni f\u00fcrd\u0151k h\u00edrnev\u00e9t, \u00e9s er\u0151fesz\u00edt\u00e9seit nem hagyta abba akkor sem, amikor legyeng\u00fclt eg\u00e9szs\u00e9ggel t\u00e9rt vissza a koncentr\u00e1ci\u00f3s t\u00e1borr\u00f3l.<\/p>","protected":false},"featured_media":625,"template":"","meta":{"neve_meta_sidebar":"","neve_meta_container":"","neve_meta_enable_content_width":"off","neve_meta_content_width":100,"neve_meta_title_alignment":"","neve_meta_author_avatar":"","neve_post_elements_order":"","neve_meta_disable_header":"","neve_meta_disable_footer":"","neve_meta_disable_title":""},"product_brand":[],"product_cat":[15],"product_tag":[],"class_list":{"0":"post-1435","1":"product","2":"type-product","3":"status-publish","4":"has-post-thumbnail","6":"product_cat-podujatia","8":"first","9":"outofstock","10":"shipping-taxable","11":"purchasable","12":"product-type-variable"},"_links":{"self":[{"href":"https:\/\/rezervacie.krajzazitkov.sk\/hu\/wp-json\/wp\/v2\/product\/1435","targetHints":{"allow":["GET"]}}],"collection":[{"href":"https:\/\/rezervacie.krajzazitkov.sk\/hu\/wp-json\/wp\/v2\/product"}],"about":[{"href":"https:\/\/rezervacie.krajzazitkov.sk\/hu\/wp-json\/wp\/v2\/types\/product"}],"wp:featuredmedia":[{"embeddable":true,"href":"https:\/\/rezervacie.krajzazitkov.sk\/hu\/wp-json\/wp\/v2\/media\/625"}],"wp:attachment":[{"href":"https:\/\/rezervacie.krajzazitkov.sk\/hu\/wp-json\/wp\/v2\/media?parent=1435"}],"wp:term":[{"taxonomy":"product_brand","embeddable":true,"href":"https:\/\/rezervacie.krajzazitkov.sk\/hu\/wp-json\/wp\/v2\/product_brand?post=1435"},{"taxonomy":"product_cat","embeddable":true,"href":"https:\/\/rezervacie.krajzazitkov.sk\/hu\/wp-json\/wp\/v2\/product_cat?post=1435"},{"taxonomy":"product_tag","embeddable":true,"href":"https:\/\/rezervacie.krajzazitkov.sk\/hu\/wp-json\/wp\/v2\/product_tag?post=1435"}],"curies":[{"name":"wp","href":"https:\/\/api.w.org\/{rel}","templated":true}]}}