{"id":1306,"date":"2025-02-20T09:58:51","date_gmt":"2025-02-20T08:58:51","guid":{"rendered":"https:\/\/rezervacie.krajzazitkov.sk\/?post_type=product&#038;p=1306"},"modified":"2026-03-19T13:44:53","modified_gmt":"2026-03-19T12:44:53","slug":"raky-v-malych-karpatoch-11-4-2026-o-1000-h","status":"publish","type":"product","link":"https:\/\/rezervacie.krajzazitkov.sk\/hu\/termek\/raky-v-malych-karpatoch-11-4-2026-o-1000-h\/","title":{"rendered":"Raky v Mal\u00fdch Karpatoch \/ 11. apr\u00edla 2026 o 10:00 h \/ VYPREDAN\u00c9"},"content":{"rendered":"<p data-start=\"176\" data-end=\"228\"><em><strong data-start=\"176\" data-end=\"228\">D\u00f4le\u017eit\u00e9 upozornenie pre \u00fa\u010dastn\u00edkov Lesopotuliek<\/strong><\/em><\/p>\n<p data-start=\"230\" data-end=\"358\"><em>\u00da\u010dastn\u00edci organizovan\u00fdch prehliadok s\u00fa si vedom\u00ed, \u017ee turistika je akt\u00edvny \u0161port a jej vykon\u00e1vanie je spojen\u00e9 s fyzickou n\u00e1mahou.<\/em><\/p>\n<p data-start=\"360\" data-end=\"633\"><em>Organizovan\u00e9 prehliadky s\u00fa aktivity realizovan\u00e9 v kolekt\u00edve \u013eud\u00ed, preto si vy\u017eaduj\u00fa primeran\u00fa fyzick\u00fa a psychick\u00fa dispoz\u00edciu, schopnos\u0165 prisp\u00f4sobi\u0165 sa a by\u0165 s\u00fa\u010dinn\u00fd. Osob\u00e1m so zdravotn\u00fdmi alebo telesn\u00fdmi obmedzeniami sa neodpor\u00fa\u010da z\u00fa\u010dastni\u0165 sa tejto organizovanej aktivity.<\/em><\/p>\n<p data-start=\"635\" data-end=\"821\"><em>KOCR Trnavsk\u00fd kraj m\u00e1 z\u00e1ujem, aby organizovan\u00e9 prehliadky prebiehali v priate\u013eskej atmosf\u00e9re, \u00fa\u010dastn\u00edci mali pozit\u00edvny pr\u00edstup k akt\u00edvnej turistike a re\u0161pektovali v\u00fdklad sprev\u00e1dzaj\u00faceho.<\/em><\/p>\n<p data-start=\"823\" data-end=\"1036\"><em>Sprev\u00e1dzaj\u00faci\/organiz\u00e1tor m\u00e1 pr\u00e1vo bez n\u00e1roku na n\u00e1hradu vyl\u00fa\u010di\u0165 z organizovanej prehliadky osoby nar\u00fa\u0161aj\u00face jej priebeh, pr\u00edpadne in\u00e9 osoby, a to v s\u00falade so V\u0161eobecn\u00fdmi obchodn\u00fdmi podmienkami KOCR Trnavsk\u00fd kraj.<\/em><\/p>\n<p data-start=\"1038\" data-end=\"1215\"><em>KOCR Trnavsk\u00fd kraj nenesie \u017eiadnu zodpovednos\u0165 za ujmu na zdrav\u00ed \u00fa\u010dastn\u00edkov prehliadky ani za in\u00e9 \u0161kody vzniknut\u00e9 na trase prehliadok bez zavinenia zo strany KOCR Trnavsk\u00fd kraj.<\/em><\/p>\n<p><a href=\"https:\/\/rezervacie.krajzazitkov.sk\/hu\/lesopotulky\/\"><strong>&lt;&lt;&lt; Vissza a jegy v\u00e1laszt\u00e1shoz<\/strong><\/a><\/p>","protected":false},"excerpt":{"rendered":"<p><strong>Preb\u00e1dajte so zool\u00f3gom\u00a0kopce\u00a0lokality\u00a0Majd\u00e1nske\u00a0a\u00a0\u017eivot v\u00a0tokoch\u00a0Mal\u00fdch Karp\u00e1t. Tento z\u00e1\u017eitkov\u00fd turistick\u00fd v\u00fdlet je zameran\u00fd na \u017eiv\u00fa\u00a0a ne\u017eiv\u00fa\u00a0pr\u00edrodu.\u00a0Dozvieme sa zauj\u00edmav\u00e9 poznatky\u00a0o miestnej krasovej krajine\u00a0bohatej na\u00a0z\u00e1vrty\u00a0a\u00a0\u0161krapy\u00a0i\u00a0o vodnom \u017eivo\u010d\u00ed\u0161stve. Zoberieme v\u00e1s k toku Parn\u00e1 \u010di potoku Bohat\u00e1, kde v\u00e1m zool\u00f3g\u00a0porozpr\u00e1va\u00a0o v\u00fdskyte a \u017eivote vodn\u00e9ho \u017eivo\u010d\u00ed\u0161stva a ich ochrany v riekach.\u00a0\u00a0\u00a0<\/strong><\/p>\n<p><span data-contrast=\"auto\">Turistika bude prebieha\u0165 aj po lesn\u00fdch cest\u00e1ch lokality\u00a0Majd\u00e1nske, so zast\u00e1vkami s v\u00fdkladom ku\u00a0krasov\u00fdm\u00a0z\u00e1vrtom\u00a0\u010di hist\u00f3rii lesnej \u017eeleznice v Mal\u00fdch Karpatoch. Dolinou\u00a0Kuchynsko-ore\u0161ansk\u00e9ho\u00a0krasu\u00a0zost\u00fapime k potoku, popri ktorej ide lesn\u00e1 cesta po trase b\u00fdvalej lesnej \u017eelezni\u010dky.<\/span><span data-ccp-props=\"{}\">\u00a0<\/span><\/p>\n<p><span data-contrast=\"auto\">Z\u00e1\u017eitkov\u00fd okruh pozost\u00e1va z viacer\u00fdch zastaven\u00ed, na ktor\u00fdch sa dozvieme o biotopoch vodn\u00fdch tokov Mal\u00fdch Karp\u00e1t. Stretneme sa v sobotu 11. apr\u00edla o 9.45 h na\u00a0P\u00e1llfyho\u00a0n\u00e1mest\u00ed (<a href=\"https:\/\/maps.app.goo.gl\/GdiXpNzsmeNJWVxx9\">48.466614, 17.402615<\/a>) v \u010dasti\u00a0Majd\u00e1nske\u00a0v obci Horn\u00e9 Ore\u0161any, \u010do je za\u010diatok trasy.<\/span><span data-ccp-props=\"{}\">\u00a0<\/span><\/p>\n<p><img loading=\"lazy\" decoding=\"async\" class=\"aligncenter wp-image-1788 size-full\" src=\"https:\/\/rezervacie.krajzazitkov.sk\/wp-content\/uploads\/2025\/02\/mapy_2026_Lesopotulky-10-10.png\" alt=\"\" width=\"1921\" height=\"1081\" srcset=\"https:\/\/rezervacie.krajzazitkov.sk\/wp-content\/uploads\/2025\/02\/mapy_2026_Lesopotulky-10-10.png 1921w, https:\/\/rezervacie.krajzazitkov.sk\/wp-content\/uploads\/2025\/02\/mapy_2026_Lesopotulky-10-10-300x169.png 300w, https:\/\/rezervacie.krajzazitkov.sk\/wp-content\/uploads\/2025\/02\/mapy_2026_Lesopotulky-10-10-1024x576.png 1024w, https:\/\/rezervacie.krajzazitkov.sk\/wp-content\/uploads\/2025\/02\/mapy_2026_Lesopotulky-10-10-768x432.png 768w, https:\/\/rezervacie.krajzazitkov.sk\/wp-content\/uploads\/2025\/02\/mapy_2026_Lesopotulky-10-10-1536x864.png 1536w, https:\/\/rezervacie.krajzazitkov.sk\/wp-content\/uploads\/2025\/02\/mapy_2026_Lesopotulky-10-10-18x10.png 18w, https:\/\/rezervacie.krajzazitkov.sk\/wp-content\/uploads\/2025\/02\/mapy_2026_Lesopotulky-10-10-600x338.png 600w\" sizes=\"auto, (max-width: 1921px) 100vw, 1921px\" \/><\/p>\n<p><span data-contrast=\"auto\">V\u00fdlet za\u010d\u00edna o 10.00 h. Na trase m\u00f4\u017eeme spozorova\u0165 drobn\u00e9 k\u00f4rovce, larvy hmyzu, raky, \u017eubrienky salamandier \u010di zauj\u00edmav\u00fd vodn\u00fd mach\u00a0prame\u0148ovky\u00a0oby\u010dajnej. Zool\u00f3g v\u00e1m r\u00e1d porozpr\u00e1va o ich \u017eivote.\u00a0Tento v\u00fdlet je jedine\u010dn\u00fd pr\u00e1ve praktickou uk\u00e1\u017ekou r\u00f4znych druhov vodn\u00fdch organizmov, zool\u00f3g bude ma\u0165 k dispoz\u00edcii n\u00e1dobky a sie\u0165ky.\u00a0\u00a0<\/span><span data-ccp-props=\"{}\">\u00a0<\/span><\/p>\n<p><span data-contrast=\"auto\">Okruh meria 10 km, na jeho absolvovanie\u00a0s\u00fa\u00a0potrebn\u00e9\u00a04-5\u00a0hod\u00edn.\u00a0\u00a0<\/span><span data-ccp-props=\"{}\">\u00a0<\/span><\/p>\n<p><strong>Cena jednej vstupenky je 12 \u20ac (deti do 16 rokov maj\u00fa vstup vo\u013en\u00fd, je potrebn\u00e1 rezerv\u00e1cia formou n\u00e1kupu l\u00edstka v hodnote 0 eur)). Z\u00e1\u017eitkov\u00e9 turistiky s\u00fa vhodn\u00e9 pre deti od 8 rokov.<\/strong><\/p>\n<p><strong>\u010co si zobra\u0165 so sebou?\u00a0<\/strong><\/p>\n<p><span data-contrast=\"auto\">Na tento nen\u00e1ro\u010dn\u00fd v\u00fdlet nepotrebujete \u0161peci\u00e1lne vybavenie, zaba\u013ete si hlavne dobr\u00fa n\u00e1ladu.<\/span><span data-ccp-props=\"{}\">\u00a0<\/span><\/p>\n<p><span data-contrast=\"auto\">\u00c9rintkez\u00e9s\u00a0<\/span><a href=\"mailto:info@krajzazitkov.sk\"><span data-contrast=\"none\">info@krajzazitkov.sk<\/span><\/a><span data-ccp-props=\"{}\">\u00a0<\/span><\/p>","protected":false},"featured_media":1789,"template":"","meta":{"neve_meta_sidebar":"","neve_meta_container":"","neve_meta_enable_content_width":"off","neve_meta_content_width":100,"neve_meta_title_alignment":"","neve_meta_author_avatar":"","neve_post_elements_order":"","neve_meta_disable_header":"","neve_meta_disable_footer":"","neve_meta_disable_title":""},"product_brand":[],"product_cat":[15],"product_tag":[85],"class_list":{"0":"post-1306","1":"product","2":"type-product","3":"status-publish","4":"has-post-thumbnail","6":"product_cat-podujatia","7":"product_tag-lesopotulky","9":"first","10":"outofstock","11":"shipping-taxable","12":"purchasable","13":"product-type-variable"},"_links":{"self":[{"href":"https:\/\/rezervacie.krajzazitkov.sk\/hu\/wp-json\/wp\/v2\/product\/1306","targetHints":{"allow":["GET"]}}],"collection":[{"href":"https:\/\/rezervacie.krajzazitkov.sk\/hu\/wp-json\/wp\/v2\/product"}],"about":[{"href":"https:\/\/rezervacie.krajzazitkov.sk\/hu\/wp-json\/wp\/v2\/types\/product"}],"wp:featuredmedia":[{"embeddable":true,"href":"https:\/\/rezervacie.krajzazitkov.sk\/hu\/wp-json\/wp\/v2\/media\/1789"}],"wp:attachment":[{"href":"https:\/\/rezervacie.krajzazitkov.sk\/hu\/wp-json\/wp\/v2\/media?parent=1306"}],"wp:term":[{"taxonomy":"product_brand","embeddable":true,"href":"https:\/\/rezervacie.krajzazitkov.sk\/hu\/wp-json\/wp\/v2\/product_brand?post=1306"},{"taxonomy":"product_cat","embeddable":true,"href":"https:\/\/rezervacie.krajzazitkov.sk\/hu\/wp-json\/wp\/v2\/product_cat?post=1306"},{"taxonomy":"product_tag","embeddable":true,"href":"https:\/\/rezervacie.krajzazitkov.sk\/hu\/wp-json\/wp\/v2\/product_tag?post=1306"}],"curies":[{"name":"wp","href":"https:\/\/api.w.org\/{rel}","templated":true}]}}