{"id":1044,"date":"2024-08-27T15:42:25","date_gmt":"2024-08-27T13:42:25","guid":{"rendered":"https:\/\/rezervacie.krajzazitkov.sk\/?post_type=product&#038;p=1044"},"modified":"2024-11-04T11:46:23","modified_gmt":"2024-11-04T10:46:23","slug":"svetlonos-na-splave-batov-kanal-sobota-28-septembra-2024","status":"publish","type":"product","link":"https:\/\/rezervacie.krajzazitkov.sk\/hu\/termek\/svetlonos-na-splave-batov-kanal-sobota-28-septembra-2024\/","title":{"rendered":"Svetlonos na splave: Ba\u0165ov kan\u00e1l &#8211; Sobota 28. septembra 2024"},"content":{"rendered":"<p><strong>Vod\u00e1cku sez\u00f3nu v Trnavskom kraji zatv\u00e1ra s nami aj Ba\u0165ov kan\u00e1l na Z\u00e1hor\u00ed. Na Ba\u0165ovom kan\u00e1li sa v\u0161ak nep\u00e1dluje, ale plav\u00ed sa na motorov\u00fdch lodiach. O to viac si u\u017eijete poh\u013ead na okolit\u00fa pr\u00edrodu v pokoji.\u00a0Za\u017eite plavbu po unik\u00e1tnej vn\u00fatrozemskej vodnej ceste, ktor\u00e1 sp\u00e1ja Slovensko a \u010cesko. Pre jednotlivcov sme zorganizovali plavby s lodivodom v dan\u00fdch \u010dasoch. Jesenn\u00fd v\u00fdlet sa za\u010d\u00edna v Pr\u00edstave na Ba\u0165ovom kan\u00e1li, iba 15 min autom od mesta Skalica.\u00a0<\/strong><\/p>\n<p><em>\u00da\u010dastn\u00edci splavu s\u00fa si vedom\u00ed, \u017ee splavovanie je akt\u00edvny \u0161port a jeho vykon\u00e1vanie je spojen\u00e9 s fyzickou n\u00e1mahou.\u00a0\u00a0<\/em><\/p>\n<p><em>Organizovan\u00e9 splavy s\u00fa aktivity, ktor\u00e9 s\u00fa realizovan\u00e9 v kolekt\u00edve \u013eud\u00ed, preto si vy\u017eaduj\u00fa primeran\u00fa fyzick\u00fa a psychick\u00fa dispoz\u00edciu, schopnos\u0165 prisp\u00f4sobi\u0165 sa a by\u0165 s\u00fa\u010dinn\u00fd. Osob\u00e1m so zdravotn\u00fdmi a telesn\u00fdmi obmedzeniami sa neodpor\u00fa\u010da z\u00fa\u010dastni\u0165 sa tejto organizovanej aktivity.\u00a0\u00a0<\/em><\/p>\n<p><em>V\u0161etci \u00fa\u010dastn\u00edci potvrdzuj\u00fa, \u017ee vedia pl\u00e1va\u0165. \u00da\u010das\u0165 t\u00fdch, ktor\u00ed nedosahuj\u00fa vek 10 rokov si vy\u017eaduje p\u00edsomn\u00fd s\u00fahlas z\u00e1konn\u00e9ho z\u00e1stupcu na mieste.\u00a0<\/em><\/p>\n<p><em>KOCR Trnavsk\u00fd kraj m\u00e1 z\u00e1ujem, aby organizovan\u00e9 splavy prebiehali v priate\u013eskej atmosf\u00e9re, \u00fa\u010dastn\u00edci mali pozit\u00edvny pr\u00edstup k splavovaniu. V\u0161etci \u00fa\u010dastn\u00edci s\u00fa povinn\u00ed sledova\u0165 in\u0161trukcie a dodr\u017eiava\u0165 pravidl\u00e1 ur\u010den\u00e9 organiz\u00e1torom.\u00a0\u00a0<\/em><\/p>\n<p><em>Sprievodca\/organiz\u00e1tor m\u00e1 pr\u00e1vo bez n\u00e1roku na n\u00e1hradu vyl\u00fa\u010di\u0165 z organizovan\u00e9ho splavu osoby nar\u00fa\u0161aj\u00face priebeh splavu, pr\u00edp. in\u00e9 osoby, a to v s\u00falade so V\u0161eobecn\u00fdmi obchodn\u00fdmi podmienkami KOCR Trnavsk\u00fd kraj.\u00a0\u00a0<\/em><\/p>\n<p><em>KOCR Trnavsk\u00fd kraj nenesie \u017eiadnu zodpovednos\u0165 za ujmu na zdrav\u00ed \u00fa\u010dastn\u00edkov splavu a in\u00fdch \u0161kod\u00e1ch vzniknut\u00fdch na splave bez zavinenia KOCR Trnavsk\u00fd kraj.\u00a0\u00a0<\/em><\/p>\n<p><a href=\"https:\/\/rezervacie.krajzazitkov.sk\/hu\/svetlonos-na-splave\/\"><strong>&lt;&lt;&lt; Vissza a jegy v\u00e1laszt\u00e1shoz<\/strong><\/a><\/p>","protected":false},"excerpt":{"rendered":"<p><strong>Z\u00e1kladn\u00fd l\u00edstok: 8 eur<br \/>\nDie\u0165a do 10 rokov: zdarma<\/strong> (je potrebn\u00e1 rezerv\u00e1cia n\u00e1kupom l\u00edstka v hodnote 0 eur)<\/p>\n<p><em>L\u00edstky na plavbu s lodivodom s\u00fa v predaji online, po\u010det miest na jednu plavbu je limitovan\u00fd (11 os\u00f4b). V pr\u00edpade dostatato\u010dn\u00e9ho po\u010dtu vo\u013en\u00fdch miest bud\u00fa l\u00edstky v predaji aj na mieste (platba v hotovosti). \u00a0<\/em><\/p>\n<p><b><span data-contrast=\"auto\">V cene l\u00edstka je zahrnut\u00e9:<\/span><\/b><span data-ccp-props=\"{&quot;201341983&quot;:0,&quot;335559739&quot;:160,&quot;335559740&quot;:259}\">\u00a0<\/span><\/p>\n<p><span data-contrast=\"auto\">&#8211; 40 min\u00fatov\u00e1 plavba lo\u010fou veden\u00e1 sk\u00fasen\u00fdm lodivodom<\/span><span data-ccp-props=\"{&quot;201341983&quot;:0,&quot;335559739&quot;:160,&quot;335559740&quot;:259}\"><br \/>\n<\/span><span data-contrast=\"auto\">&#8211; V\u00fdklad o hist\u00f3rii Ba\u0165ovho kan\u00e1la<\/span><\/p>\n<p><strong>\u010casy plavby lo\u010fou s lodivodom:<\/strong><\/p>\n<p>11:00 Plavba s lodivodom<br \/>\n12:00 Plavba s lodivodom<br \/>\n13:00 Plavba s lodivodom<\/p>\n<p><strong>Smer plavby: Pr\u00edstav Skalica \u2013 Pr\u00edstav V\u00fdklopn\u00edk Sudom\u011b\u0159ice a sp\u00e4\u0165<\/strong><\/p>\n<p><strong>Celkov\u00fd \u010das: 40 min<\/strong><\/p>\n<p><strong>Maxim\u00e1lna kapacita na lodi vedenej lodivodom: 11 os\u00f4b<\/strong><\/p>\n<p><strong>Via inform\u00e1ci\u00ed: <a href=\"mailto:info@krajzazitkov.sk\">info@krajzazitkov.sk<\/a>\u00a0<\/strong><\/p>","protected":false},"featured_media":1036,"template":"","meta":{"neve_meta_sidebar":"","neve_meta_container":"","neve_meta_enable_content_width":"off","neve_meta_content_width":100,"neve_meta_title_alignment":"","neve_meta_author_avatar":"","neve_post_elements_order":"","neve_meta_disable_header":"","neve_meta_disable_footer":"","neve_meta_disable_title":""},"product_brand":[],"product_cat":[15],"product_tag":[],"class_list":{"0":"post-1044","1":"product","2":"type-product","3":"status-publish","4":"has-post-thumbnail","6":"product_cat-podujatia","8":"first","9":"outofstock","10":"shipping-taxable","11":"purchasable","12":"product-type-variable"},"_links":{"self":[{"href":"https:\/\/rezervacie.krajzazitkov.sk\/hu\/wp-json\/wp\/v2\/product\/1044","targetHints":{"allow":["GET"]}}],"collection":[{"href":"https:\/\/rezervacie.krajzazitkov.sk\/hu\/wp-json\/wp\/v2\/product"}],"about":[{"href":"https:\/\/rezervacie.krajzazitkov.sk\/hu\/wp-json\/wp\/v2\/types\/product"}],"wp:featuredmedia":[{"embeddable":true,"href":"https:\/\/rezervacie.krajzazitkov.sk\/hu\/wp-json\/wp\/v2\/media\/1036"}],"wp:attachment":[{"href":"https:\/\/rezervacie.krajzazitkov.sk\/hu\/wp-json\/wp\/v2\/media?parent=1044"}],"wp:term":[{"taxonomy":"product_brand","embeddable":true,"href":"https:\/\/rezervacie.krajzazitkov.sk\/hu\/wp-json\/wp\/v2\/product_brand?post=1044"},{"taxonomy":"product_cat","embeddable":true,"href":"https:\/\/rezervacie.krajzazitkov.sk\/hu\/wp-json\/wp\/v2\/product_cat?post=1044"},{"taxonomy":"product_tag","embeddable":true,"href":"https:\/\/rezervacie.krajzazitkov.sk\/hu\/wp-json\/wp\/v2\/product_tag?post=1044"}],"curies":[{"name":"wp","href":"https:\/\/api.w.org\/{rel}","templated":true}]}}