{"id":1033,"date":"2024-08-27T14:12:35","date_gmt":"2024-08-27T12:12:35","guid":{"rendered":"https:\/\/rezervacie.krajzazitkov.sk\/?post_type=product&#038;p=1033"},"modified":"2025-10-24T19:00:09","modified_gmt":"2025-10-24T17:00:09","slug":"svetlonos-na-splave-maly-dunaj-sobota-25-oktobra-2025","status":"publish","type":"product","link":"https:\/\/rezervacie.krajzazitkov.sk\/hu\/termek\/svetlonos-na-splave-maly-dunaj-sobota-25-oktobra-2025\/","title":{"rendered":"Svetlonos na splave: Mal\u00fd Dunaj"},"content":{"rendered":"<p><b><span data-contrast=\"auto\">Program:<br \/>\n<\/span><\/b><span data-contrast=\"auto\">10:00 \u2013 Stretnutie pri vodnom kolovom mlyne v Jelke, presun autobusom na \u0161tart splavu k Isteru v Jelke (pribli\u017ene 15 min), rozdelenie v\u00fdstroje, in\u0161trukt\u00e1\u017e, resp. r\u00fdchlokurz p\u00e1dlovania pre za\u010diato\u010dn\u00edkov<\/span><span data-ccp-props=\"{&quot;134233117&quot;:false,&quot;134233118&quot;:false,&quot;335559738&quot;:0,&quot;335559739&quot;:0}\"><br \/>\n<\/span><span data-contrast=\"auto\">Kr\u00e1tko pred 11:00 \u2013 Za\u010diatok splavu na Mal\u00e9ho Dunaja<\/span><span data-ccp-props=\"{&quot;134233117&quot;:false,&quot;134233118&quot;:false,&quot;335559738&quot;:0,&quot;335559739&quot;:0}\"><br \/>\n<\/span><span data-contrast=\"auto\">12:30 \u2013 13:00 \u2013 Ukon\u010denie splavu pri Vodnom kolovom mlyne, Jelka (na mieste, kde m\u00e1te zaparkovan\u00e9 aut\u00e1)<\/span><span data-ccp-props=\"{&quot;134233117&quot;:false,&quot;134233118&quot;:false,&quot;335559738&quot;:0,&quot;335559739&quot;:0}\">\u00a0<\/span><\/p>\n<p><em>\u00da\u010dastn\u00edci splavu s\u00fa si vedom\u00ed, \u017ee splavovanie je akt\u00edvny \u0161port a jeho vykon\u00e1vanie je spojen\u00e9 s fyzickou n\u00e1mahou.\u00a0\u00a0<\/em><\/p>\n<p><em>Organizovan\u00e9 splavy s\u00fa aktivity, ktor\u00e9 s\u00fa realizovan\u00e9 v kolekt\u00edve \u013eud\u00ed, preto si vy\u017eaduj\u00fa primeran\u00fa fyzick\u00fa a psychick\u00fa dispoz\u00edciu, schopnos\u0165 prisp\u00f4sobi\u0165 sa a by\u0165 s\u00fa\u010dinn\u00fd. Osob\u00e1m so zdravotn\u00fdmi a telesn\u00fdmi obmedzeniami sa neodpor\u00fa\u010da z\u00fa\u010dastni\u0165 sa tejto organizovanej aktivity.\u00a0\u00a0<\/em><\/p>\n<p><em>V\u0161etci \u00fa\u010dastn\u00edci potvrdzuj\u00fa, \u017ee vedia pl\u00e1va\u0165. \u00da\u010das\u0165 t\u00fdch, ktor\u00ed nedosahuj\u00fa vek 10 rokov si vy\u017eaduje p\u00edsomn\u00fd s\u00fahlas z\u00e1konn\u00e9ho z\u00e1stupcu na mieste.\u00a0<\/em><\/p>\n<p><em>KOCR Trnavsk\u00fd kraj m\u00e1 z\u00e1ujem, aby organizovan\u00e9 splavy prebiehali v priate\u013eskej atmosf\u00e9re, \u00fa\u010dastn\u00edci mali pozit\u00edvny pr\u00edstup k splavovaniu. V\u0161etci \u00fa\u010dastn\u00edci s\u00fa povinn\u00ed sledova\u0165 in\u0161trukcie a dodr\u017eiava\u0165 pravidl\u00e1 ur\u010den\u00e9 organiz\u00e1torom.\u00a0\u00a0<\/em><\/p>\n<p><em>Sprievodca\/organiz\u00e1tor m\u00e1 pr\u00e1vo bez n\u00e1roku na n\u00e1hradu vyl\u00fa\u010di\u0165 z organizovan\u00e9ho splavu osoby nar\u00fa\u0161aj\u00face priebeh splavu, pr\u00edp. in\u00e9 osoby, a to v s\u00falade so V\u0161eobecn\u00fdmi obchodn\u00fdmi podmienkami KOCR Trnavsk\u00fd kraj.\u00a0\u00a0<\/em><\/p>\n<p><em>KOCR Trnavsk\u00fd kraj nenesie \u017eiadnu zodpovednos\u0165 za ujmu na zdrav\u00ed \u00fa\u010dastn\u00edkov splavu a in\u00fdch \u0161kod\u00e1ch vzniknut\u00fdch na splave bez zavinenia KOCR Trnavsk\u00fd kraj.\u00a0\u00a0<\/em><\/p>\n<p><a href=\"https:\/\/rezervacie.krajzazitkov.sk\/hu\/svetlonos-na-splave\/\"><strong>&lt;&lt;&lt; Vissza a jegy v\u00e1laszt\u00e1shoz<\/strong><\/a><\/p>","protected":false},"excerpt":{"rendered":"<p><strong><span class=\"TextRun SCXW180221973 BCX0\" lang=\"SK-SK\" xml:lang=\"SK-SK\" data-contrast=\"auto\"><span class=\"NormalTextRun SCXW180221973 BCX0\">U\u017eite si poh\u013ead na vodn\u00fd kolov\u00fd mlyn pri obci Jelka a objavte \u010daro Mal\u00e9ho Dunaja. Netradi\u010dn\u00fd jesenn\u00fd v\u00fdlet sa kon\u00e1 v sobotu 25. okt\u00f3bra 2025 a je vhodn\u00fd aj pre rodiny s de\u0165mi.<\/span> <span class=\"NormalTextRun SCXW180221973 BCX0\">O tunaj\u0161om vodnom \u017eivote<\/span><span class=\"NormalTextRun SCXW180221973 BCX0\"> v<\/span><span class=\"NormalTextRun SCXW180221973 BCX0\">\u00e1m r\u00e1d po\u010das splavu porozpr\u00e1va lok\u00e1lny vod\u00e1cky sprievodca. Domov si odnesiete nev\u0161edn\u00fd z\u00e1\u017eitok zo splavu uprostred n\u00e1dhernej pr\u00edrody.<\/span><\/span><\/strong><\/p>\n<p><span data-contrast=\"auto\">Z\u00e1kladn\u00fd l\u00edstok: 17 \u20ac <\/span><span data-ccp-props=\"{&quot;201341983&quot;:0,&quot;335559739&quot;:160,&quot;335559740&quot;:259}\"><br \/>\n<\/span><span data-contrast=\"auto\">Z\u013eavnen\u00fd l\u00edstok (die\u0165a do 10 rokov): 12 \u20ac<\/span><\/p>\n<p><em><span class=\"TextRun SCXW179472569 BCX0\" lang=\"SK-SK\" xml:lang=\"SK-SK\" data-contrast=\"none\"><span class=\"NormalTextRun SCXW179472569 BCX0\">Splav sa kon\u00e1 pri minim\u00e1lnom po\u010dte 15 os\u00f4b.<\/span><\/span><span class=\"EOP SCXW179472569 BCX0\" data-ccp-props=\"{&quot;134233117&quot;:false,&quot;134233118&quot;:false,&quot;335551550&quot;:1,&quot;335551620&quot;:1,&quot;335559738&quot;:0,&quot;335559739&quot;:0}\">\u00a0<\/span><\/em><span data-ccp-props=\"{&quot;201341983&quot;:0,&quot;335559739&quot;:160,&quot;335559740&quot;:259}\"><br \/>\n<\/span><b><\/b><\/p>\n<p><b><span data-contrast=\"auto\">V cene l\u00edstka je zahrnut\u00e9:\u00a0<\/span><\/b><span data-ccp-props=\"{&quot;201341983&quot;:0,&quot;335559739&quot;:160,&quot;335559740&quot;:259}\">\u00a0<\/span><\/p>\n<p><span class=\"TextRun SCXW160085208 BCX0\" lang=\"SK-SK\" xml:lang=\"SK-SK\" data-contrast=\"auto\"><span class=\"NormalTextRun SCXW160085208 BCX0\">\u2013 <\/span><span class=\"NormalTextRun SCXW160085208 BCX0\">vod\u00e1cka v\u00fdstroj (turistick\u00e9 kanoe, p\u00e1dlo, certifikovan\u00e9 pl\u00e1vacie vesty)<\/span><\/span><span class=\"LineBreakBlob BlobObject DragDrop SCXW160085208 BCX0\"><span class=\"SCXW160085208 BCX0\">\u00a0<\/span><br class=\"SCXW160085208 BCX0\" \/><\/span><span class=\"TextRun SCXW160085208 BCX0\" lang=\"SK-SK\" xml:lang=\"SK-SK\" data-contrast=\"auto\"><span class=\"NormalTextRun SCXW160085208 BCX0\">\u2013 <\/span><span class=\"NormalTextRun SCXW160085208 BCX0\">sudy pre uchov\u00e1vanie va\u0161ich osobn\u00fdch vec\u00ed<\/span><\/span><span class=\"LineBreakBlob BlobObject DragDrop SCXW160085208 BCX0\"><span class=\"SCXW160085208 BCX0\">\u00a0<\/span><br class=\"SCXW160085208 BCX0\" \/><\/span><span class=\"TextRun SCXW160085208 BCX0\" lang=\"SK-SK\" xml:lang=\"SK-SK\" data-contrast=\"auto\"><span class=\"NormalTextRun SCXW160085208 BCX0\">\u2013 <\/span><span class=\"NormalTextRun SCXW160085208 BCX0\">autobusov\u00e1 doprava k miestu za\u010datiu splavu<\/span><\/span><span class=\"LineBreakBlob BlobObject DragDrop SCXW160085208 BCX0\"><span class=\"SCXW160085208 BCX0\">\u00a0<\/span><br class=\"SCXW160085208 BCX0\" \/><\/span><span class=\"TextRun SCXW160085208 BCX0\" lang=\"SK-SK\" xml:lang=\"SK-SK\" data-contrast=\"auto\"><span class=\"NormalTextRun SCXW160085208 BCX0\">\u2013 <\/span><span class=\"NormalTextRun SCXW160085208 BCX0\">sk\u00fasen\u00ed sprievodcovia<\/span><\/span><span class=\"LineBreakBlob BlobObject DragDrop SCXW160085208 BCX0\"><span class=\"SCXW160085208 BCX0\">\u00a0<\/span><br class=\"SCXW160085208 BCX0\" \/><\/span><span class=\"TextRun SCXW160085208 BCX0\" lang=\"SK-SK\" xml:lang=\"SK-SK\" data-contrast=\"auto\"><span class=\"NormalTextRun SCXW160085208 BCX0\">\u2013 <\/span><span class=\"NormalTextRun SCXW160085208 BCX0\">\u201c<\/span><span class=\"NormalTextRun SpellingErrorV2Themed SCXW160085208 BCX0\">r\u00fdchlokurz<\/span><span class=\"NormalTextRun SCXW160085208 BCX0\">\u201d p\u00e1dlovania pre za\u010diato\u010dn\u00edkov<\/span><\/span><span class=\"LineBreakBlob BlobObject DragDrop SCXW160085208 BCX0\"><span class=\"SCXW160085208 BCX0\">\u00a0<\/span><br class=\"SCXW160085208 BCX0\" \/><\/span><span class=\"TextRun SCXW160085208 BCX0\" lang=\"SK-SK\" xml:lang=\"SK-SK\" data-contrast=\"auto\"><span class=\"NormalTextRun SCXW160085208 BCX0\">\u2013 <\/span><span class=\"NormalTextRun SCXW160085208 BCX0\">tepl\u00fd n\u00e1poj po splave<\/span><\/span><span class=\"EOP SCXW160085208 BCX0\" data-ccp-props=\"{&quot;134233117&quot;:false,&quot;134233118&quot;:false,&quot;335559685&quot;:0,&quot;335559738&quot;:0,&quot;335559739&quot;:0}\">\u00a0<\/span><\/p>\n<p><span class=\"TextRun SCXW116155150 BCX0\" lang=\"SK-SK\" xml:lang=\"SK-SK\" data-contrast=\"auto\"><span class=\"NormalTextRun SCXW116155150 BCX0\">Lamin\u00e1tov\u00e1 lo\u010f\/kanoe je ur\u010den\u00e9 pre<\/span><span class=\"NormalTextRun SCXW116155150 BCX0\"> 2 dospel\u00e9 osoby a max. 1 die\u0165a. Pod\u013ea potreby m\u00f4\u017eeme 3 miestne <\/span><span class=\"NormalTextRun SpellingErrorV2Themed SCXW116155150 BCX0\">k\u00e1noe<\/span><span class=\"NormalTextRun SCXW116155150 BCX0\"> spoji\u0165 do stabiln\u00e9ho 6 miestneho <\/span><span class=\"NormalTextRun SpellingErrorV2Themed SCXW116155150 BCX0\">katamar\u00e1nu<\/span><span class=\"NormalTextRun SCXW116155150 BCX0\">. Po\u017eiadavku je potrebn\u00e9 nap\u00edsa\u0165 na email: <\/span><a href=\"mailto:info@krajzazitkov.sk\"><span class=\"NormalTextRun SCXW116155150 BCX0\">info@krajzazitkov.sk<\/span><\/a><span class=\"NormalTextRun SCXW116155150 BCX0\">.<\/span><\/span><span class=\"EOP SCXW116155150 BCX0\" data-ccp-props=\"{&quot;134233117&quot;:false,&quot;134233118&quot;:false,&quot;335559738&quot;:0,&quot;335559739&quot;:0}\">\u00a0<\/span><\/p>\n<p><em><span class=\"TextRun SCXW179472569 BCX0\" lang=\"SK-SK\" xml:lang=\"SK-SK\" data-contrast=\"none\"><span class=\"NormalTextRun SCXW179472569 BCX0\">Splav sa kon\u00e1 pri minim\u00e1lnom po\u010dte 15 os\u00f4b.<\/span><\/span><span class=\"EOP SCXW179472569 BCX0\" data-ccp-props=\"{&quot;134233117&quot;:false,&quot;134233118&quot;:false,&quot;335551550&quot;:1,&quot;335551620&quot;:1,&quot;335559738&quot;:0,&quot;335559739&quot;:0}\">\u00a0<\/span>V pr\u00edpade nepriazniv\u00e9ho po\u010dasia si organiz\u00e1tor (Krajsk\u00e1 organiz\u00e1cia cestovn\u00e9ho ruchu Trnavsk\u00fd kraj) vyhradzuje pr\u00e1vo presun\u00fa\u0165 podujatie. O pr\u00edpadnom presunut\u00ed akcie bude organiz\u00e1tor informova\u0165 \u00fa\u010dastn\u00edkov vopred prostredn\u00edctvom e-mailu. Zak\u00fapen\u00e9 l\u00edstky m\u00f4\u017eu ich majitelia vyu\u017ei\u0165\u00a0 na\u202fn\u00e1hradnom splave pri zah\u00e1jen\u00ed sez\u00f3ny v apr\u00edli 2026.<\/em><\/p>","protected":false},"featured_media":1698,"template":"","meta":{"neve_meta_sidebar":"","neve_meta_container":"","neve_meta_enable_content_width":"off","neve_meta_content_width":100,"neve_meta_title_alignment":"","neve_meta_author_avatar":"","neve_post_elements_order":"","neve_meta_disable_header":"","neve_meta_disable_footer":"","neve_meta_disable_title":""},"product_brand":[],"product_cat":[15],"product_tag":[89],"class_list":{"0":"post-1033","1":"product","2":"type-product","3":"status-publish","4":"has-post-thumbnail","6":"product_cat-podujatia","7":"product_tag-vylet","9":"first","10":"outofstock","11":"shipping-taxable","12":"purchasable","13":"product-type-variable"},"_links":{"self":[{"href":"https:\/\/rezervacie.krajzazitkov.sk\/hu\/wp-json\/wp\/v2\/product\/1033","targetHints":{"allow":["GET"]}}],"collection":[{"href":"https:\/\/rezervacie.krajzazitkov.sk\/hu\/wp-json\/wp\/v2\/product"}],"about":[{"href":"https:\/\/rezervacie.krajzazitkov.sk\/hu\/wp-json\/wp\/v2\/types\/product"}],"wp:featuredmedia":[{"embeddable":true,"href":"https:\/\/rezervacie.krajzazitkov.sk\/hu\/wp-json\/wp\/v2\/media\/1698"}],"wp:attachment":[{"href":"https:\/\/rezervacie.krajzazitkov.sk\/hu\/wp-json\/wp\/v2\/media?parent=1033"}],"wp:term":[{"taxonomy":"product_brand","embeddable":true,"href":"https:\/\/rezervacie.krajzazitkov.sk\/hu\/wp-json\/wp\/v2\/product_brand?post=1033"},{"taxonomy":"product_cat","embeddable":true,"href":"https:\/\/rezervacie.krajzazitkov.sk\/hu\/wp-json\/wp\/v2\/product_cat?post=1033"},{"taxonomy":"product_tag","embeddable":true,"href":"https:\/\/rezervacie.krajzazitkov.sk\/hu\/wp-json\/wp\/v2\/product_tag?post=1033"}],"curies":[{"name":"wp","href":"https:\/\/api.w.org\/{rel}","templated":true}]}}