{"id":78,"date":"2024-02-29T09:32:04","date_gmt":"2024-02-29T08:32:04","guid":{"rendered":"https:\/\/rezervacie.krajzazitkov.sk\/?post_type=product&#038;p=78"},"modified":"2024-04-13T08:28:55","modified_gmt":"2024-04-13T06:28:55","slug":"piestany-podla-wintera-sobota-6-april-2024-o-1000","status":"publish","type":"product","link":"https:\/\/rezervacie.krajzazitkov.sk\/en\/product\/piestany-podla-wintera-sobota-6-april-2024-o-1000\/","title":{"rendered":"PREDAJ JE UKON\u010cEN\u00dd Pie\u0161\u0165any pod\u013ea Wintera &#8211; Sobota: 6. apr\u00edl 2024 o 10:00"},"content":{"rendered":"<p>Na Pie\u0161\u0165any sa m\u00f4\u017eete o\u010dami \u013dudov\u00edta Wintera pozrie\u0165 ka\u017ed\u00fa sobotu od 6. apr\u00edla do 25. m\u00e1ja 2024. Za\u010diatok je v\u017edy o 10.00 h a 14.00 h na Kolon\u00e1dovom moste. Prehliadky pokra\u010duj\u00fa zast\u00e1vkami pri Kursalone, Zelenom strome, barlol\u00e1ma\u010dovi, hoteli Thermia Palace, Pro Patrii a vrcholia na k\u00fapalisku Eva. D\u013a\u017eka trasy je necel\u00e9 2 kilometre. Ka\u017ed\u00e1 prech\u00e1dzka trv\u00e1 pribli\u017ene 70 min\u00fat.<\/p>\n<p><em>Each tour participant will receive headphones. The deposit for rental of headhones is 20 euros (payable in cash on the spot). This money will be refunded to the participants after the end of the tour on the basis of the return of undamaged headphones.<br \/>\n<\/em><\/p>\n<p><em><span class=\"TextRun SCXW179809080 BCX0\" lang=\"SK-SK\" xml:lang=\"SK-SK\" data-contrast=\"auto\"><span class=\"NormalTextRun SCXW179809080 BCX0\">Trnava Regional Tourism Board assumes no liability for personal injury to participants and other damages incurred at the event through no fault of Trnava Regional Tourism Board. <\/span><span class=\"NormalTextRun SCXW179809080 BCX0\">na podujat\u00ed <\/span><span class=\"NormalTextRun SCXW179809080 BCX0\">bez zavinenia KOCR Trnavsk\u00fd kraj<\/span><span class=\"NormalTextRun SCXW179809080 BCX0\">.\u00a0<\/span><\/span><span class=\"EOP SCXW179809080 BCX0\" data-ccp-props=\"{&quot;201341983&quot;:0,&quot;335551550&quot;:6,&quot;335551620&quot;:6,&quot;335559739&quot;:160,&quot;335559740&quot;:259}\">\u00a0<\/span><\/em><\/p>\n<p><a href=\"https:\/\/rezervacie.krajzazitkov.sk\/en\/piestany-podla-wintera\/\"><strong>&lt;&lt;&lt; Back to the selection of dates<\/strong><\/a><\/p>","protected":false},"excerpt":{"rendered":"<p class=\"translation-block\">An experiential tour with memories of the indomitable businessman \u013dudov\u00edt Winter in headphones and performances by actors in historical costumes on the streets of Pie\u0161\u0165any. Unique format of Pie\u0161\u0165any \u00e1 la Mr. Winter stands between a dramatic work and a guided walk. It is based on the memoirs of a man who, at the age of 20, began to build the name of the Pie\u0161\u0165any spa and did not ease in his efforts even when he returned from a concentration camp with failing health.<\/p>","protected":false},"featured_media":51,"template":"","meta":{"neve_meta_sidebar":"","neve_meta_container":"","neve_meta_enable_content_width":"off","neve_meta_content_width":100,"neve_meta_title_alignment":"","neve_meta_author_avatar":"","neve_post_elements_order":"","neve_meta_disable_header":"","neve_meta_disable_footer":"","neve_meta_disable_title":""},"product_brand":[],"product_cat":[15],"product_tag":[],"class_list":{"0":"post-78","1":"product","2":"type-product","3":"status-publish","4":"has-post-thumbnail","6":"product_cat-podujatia","8":"first","9":"outofstock","10":"shipping-taxable","11":"purchasable","12":"product-type-variable"},"_links":{"self":[{"href":"https:\/\/rezervacie.krajzazitkov.sk\/en\/wp-json\/wp\/v2\/product\/78","targetHints":{"allow":["GET"]}}],"collection":[{"href":"https:\/\/rezervacie.krajzazitkov.sk\/en\/wp-json\/wp\/v2\/product"}],"about":[{"href":"https:\/\/rezervacie.krajzazitkov.sk\/en\/wp-json\/wp\/v2\/types\/product"}],"wp:featuredmedia":[{"embeddable":true,"href":"https:\/\/rezervacie.krajzazitkov.sk\/en\/wp-json\/wp\/v2\/media\/51"}],"wp:attachment":[{"href":"https:\/\/rezervacie.krajzazitkov.sk\/en\/wp-json\/wp\/v2\/media?parent=78"}],"wp:term":[{"taxonomy":"product_brand","embeddable":true,"href":"https:\/\/rezervacie.krajzazitkov.sk\/en\/wp-json\/wp\/v2\/product_brand?post=78"},{"taxonomy":"product_cat","embeddable":true,"href":"https:\/\/rezervacie.krajzazitkov.sk\/en\/wp-json\/wp\/v2\/product_cat?post=78"},{"taxonomy":"product_tag","embeddable":true,"href":"https:\/\/rezervacie.krajzazitkov.sk\/en\/wp-json\/wp\/v2\/product_tag?post=78"}],"curies":[{"name":"wp","href":"https:\/\/api.w.org\/{rel}","templated":true}]}}