{"id":712,"date":"2024-05-16T14:40:39","date_gmt":"2024-05-16T12:40:39","guid":{"rendered":"https:\/\/rezervacie.krajzazitkov.sk\/?post_type=product&#038;p=712"},"modified":"2024-11-05T09:10:59","modified_gmt":"2024-11-05T08:10:59","slug":"cyklotulacky-po-zahori-jablonica-sobota-28-september-o-10-15-hod","status":"publish","type":"product","link":"https:\/\/rezervacie.krajzazitkov.sk\/en\/product\/cyklotulacky-po-zahori-jablonica-sobota-28-september-o-10-15-hod\/","title":{"rendered":"Cyklot\u00fala\u010dky po Z\u00e1hor\u00ed: Jablonica &#8211; Sobota 28. september o 10.15 hod"},"content":{"rendered":"<p><em>\u00da\u010dastn\u00edci organizovan\u00fdch cykloprehliadok s\u00fa si vedom\u00ed, \u017ee cyklistika je akt\u00edvny \u0161port a jeho vykon\u00e1vanie je spojen\u00e9 s fyzickou n\u00e1mahou.\u00a0\u00a0<\/em><\/p>\n<p><em>Organizovan\u00e9 cykloprehliadky s\u00fa aktivity, ktor\u00e9 s\u00fa realizovan\u00e9 v kolekt\u00edve \u013eud\u00ed, preto si vy\u017eaduj\u00fa primeran\u00fa fyzick\u00fa a psychick\u00fa dispoz\u00edciu, schopnos\u0165 prisp\u00f4sobi\u0165 sa a by\u0165 s\u00fa\u010dinn\u00fd. Osob\u00e1m so zdravotn\u00fdmi a telesn\u00fdmi obmedzeniami sa neodpor\u00fa\u010da z\u00fa\u010dastni\u0165 sa tejto organizovanej aktivity.\u00a0\u00a0<\/em><\/p>\n<p><em>KOCR Trnavsk\u00fd kraj m\u00e1 z\u00e1ujem, aby organizovan\u00e9 cykloprehliadky prebiehali v priate\u013eskej atmosf\u00e9re, \u00fa\u010dastn\u00edci mali pozit\u00edvny pr\u00edstup k akt\u00edvnej turistike a re\u0161pektovali v\u00fdklad sprev\u00e1dzaj\u00faceho.\u00a0\u00a0<\/em><\/p>\n<p><em>Sprev\u00e1dzaj\u00faci\/organiz\u00e1tor m\u00e1 pr\u00e1vo bez n\u00e1roku na n\u00e1hradu vyl\u00fa\u010di\u0165 z\u202forganizovanej prehliadky osoby nar\u00fa\u0161aj\u00face priebeh cykloprehliadky, pr\u00edp. in\u00e9 osoby, a\u202fto v\u202fs\u00falade so V\u0161eobecn\u00fdmi obchodn\u00fdmi podmienkami KOCR Trnavsk\u00fd kraj.\u00a0\u00a0<\/em><\/p>\n<p><em>KOCR Trnavsk\u00fd kraj nenesie \u017eiadnu zodpovednos\u0165 za ujmu na zdrav\u00ed \u00fa\u010dastn\u00edkov cykloprehliadky a in\u00fdch \u0161kod\u00e1ch vzniknut\u00fdch na trase prehliadok bez zavinenia KOCR Trnavsk\u00fd kraj.\u00a0<\/em><\/p>\n<p><a href=\"https:\/\/rezervacie.krajzazitkov.sk\/en\/piestany-podla-wintera\/\"><strong>&lt;&lt;&lt; Back to the selection of dates<\/strong><\/a><\/p>","protected":false},"excerpt":{"rendered":"<p><strong>V\u00fdlet po stop\u00e1ch Z\u00e1hor\u00e1ckej spojky sa za\u010d\u00edna v sobotu 28. septembra 2024 pred \u017eelezni\u010dnou stanicou Jablonica (GPS s\u00faradnica: 48.606567, 17.409868). \u00a0<\/strong><\/p>\n<p><strong>Cyklot\u00fala\u010dky za\u010d\u00ednaj\u00fa o 10.15 h a nadv\u00e4zuj\u00fa na pr\u00edchody vlakov z Trnavy.\u00a0<\/strong><\/p>\n<p><strong>Cyklistick\u00fd okruh meria 34 km. Na jeho absolvovanie je potrebn\u00fdch 5 hod\u00edn. Na cyklot\u00fala\u010dku je potrebn\u00e9 si prinies\u0165 vlastn\u00fd bicykel.<\/strong><\/p>\n<p>Contact <a href=\"mailto:info@krajzazitkov.sk\">info@krajzazitkov.sk<\/a><\/p>\n<p class=\"m_2023905363321090192paragraph\"><span class=\"m_2023905363321090192normaltextrun\">Cena jednej vstupenky je <strong>12 eur<\/strong> (plat\u00ed pre v\u0161etky vekov\u00e9 kateg\u00f3rie). <\/span><span data-contrast=\"auto\">Z\u00e1\u017eitkov\u00e9 cyklov\u00fdlety s\u00fa <\/span><span data-contrast=\"auto\">vhodn\u00e9 pre deti od 8 rokov.<\/span><span data-ccp-props=\"{&quot;201341983&quot;:0,&quot;335559739&quot;:160,&quot;335559740&quot;:279}\">\u00a0<\/span><\/p>\n<p>Pri cyklov\u00fdletoch sa treba pripravi\u0165 na ob\u010dasn\u00e9 preh\u00e1nky alebo d\u00e1\u017e\u010f. V pr\u00edpade ve\u013emi nepriazniv\u00e9ho po\u010dasia bude podujatie zru\u0161en\u00e9, s mo\u017enos\u0165ou vyu\u017eitia vstupeniek v inom term\u00edne. \u00da\u010dastn\u00edci bud\u00fa vopred informovan\u00ed e-mailom alebo telefonicky.<\/p>\n<p><span data-ccp-props=\"{&quot;201341983&quot;:0,&quot;335559739&quot;:160,&quot;335559740&quot;:279}\">\u00a0<\/span><\/p>","protected":false},"featured_media":710,"template":"","meta":{"neve_meta_sidebar":"","neve_meta_container":"","neve_meta_enable_content_width":"off","neve_meta_content_width":100,"neve_meta_title_alignment":"","neve_meta_author_avatar":"","neve_post_elements_order":"","neve_meta_disable_header":"","neve_meta_disable_footer":"","neve_meta_disable_title":""},"product_brand":[],"product_cat":[15],"product_tag":[],"class_list":{"0":"post-712","1":"product","2":"type-product","3":"status-publish","4":"has-post-thumbnail","6":"product_cat-podujatia","8":"first","9":"outofstock","10":"shipping-taxable","11":"purchasable","12":"product-type-simple"},"_links":{"self":[{"href":"https:\/\/rezervacie.krajzazitkov.sk\/en\/wp-json\/wp\/v2\/product\/712","targetHints":{"allow":["GET"]}}],"collection":[{"href":"https:\/\/rezervacie.krajzazitkov.sk\/en\/wp-json\/wp\/v2\/product"}],"about":[{"href":"https:\/\/rezervacie.krajzazitkov.sk\/en\/wp-json\/wp\/v2\/types\/product"}],"wp:featuredmedia":[{"embeddable":true,"href":"https:\/\/rezervacie.krajzazitkov.sk\/en\/wp-json\/wp\/v2\/media\/710"}],"wp:attachment":[{"href":"https:\/\/rezervacie.krajzazitkov.sk\/en\/wp-json\/wp\/v2\/media?parent=712"}],"wp:term":[{"taxonomy":"product_brand","embeddable":true,"href":"https:\/\/rezervacie.krajzazitkov.sk\/en\/wp-json\/wp\/v2\/product_brand?post=712"},{"taxonomy":"product_cat","embeddable":true,"href":"https:\/\/rezervacie.krajzazitkov.sk\/en\/wp-json\/wp\/v2\/product_cat?post=712"},{"taxonomy":"product_tag","embeddable":true,"href":"https:\/\/rezervacie.krajzazitkov.sk\/en\/wp-json\/wp\/v2\/product_tag?post=712"}],"curies":[{"name":"wp","href":"https:\/\/api.w.org\/{rel}","templated":true}]}}