{"id":588,"date":"2024-05-15T11:17:53","date_gmt":"2024-05-15T09:17:53","guid":{"rendered":"https:\/\/rezervacie.krajzazitkov.sk\/?post_type=product&#038;p=588"},"modified":"2024-07-12T08:13:24","modified_gmt":"2024-07-12T06:13:24","slug":"ryzovanie-zlata-na-splave-sobota-13-jul-2024","status":"publish","type":"product","link":"https:\/\/rezervacie.krajzazitkov.sk\/en\/product\/ryzovanie-zlata-na-splave-sobota-13-jul-2024\/","title":{"rendered":"Ry\u017eovanie zlata na splave &#8211; Sobota: 13. j\u00fal 2024"},"content":{"rendered":"<p><span class=\"TextRun SCXW68808333 BCX0\" lang=\"SK-SK\" xml:lang=\"SK-SK\" data-contrast=\"auto\"><span class=\"NormalTextRun SCXW68808333 BCX0\">Z\u00e1\u017eitkov\u00fd splav, na ktor\u00fd sa vyd\u00e1me v sobotu 13. j\u00fala<\/span><span class=\"NormalTextRun SCXW68808333 BCX0\">,<\/span> <span class=\"NormalTextRun SCXW68808333 BCX0\">sa za\u010d\u00edna o <\/span><span class=\"NormalTextRun SCXW68808333 BCX0\">9<\/span><span class=\"NormalTextRun SCXW68808333 BCX0\">.00 h<\/span><span class=\"NormalTextRun SCXW68808333 BCX0\"> pri stavidle priesakov\u00e9ho kan\u00e1la vodn\u00e9ho diela pri ceste Gab\u010d\u00edkovo \u2013 Vojka nad Dunajom (smerom od Gab\u010d\u00edkova sa nach\u00e1dza za kilometrovn\u00ed<\/span><span class=\"NormalTextRun SCXW68808333 BCX0\">kom<\/span><span class=\"NormalTextRun SCXW68808333 BCX0\"> 13, od Vojk<\/span><span class=\"NormalTextRun SCXW68808333 BCX0\">y nad Dunajom <\/span><span class=\"NormalTextRun SCXW68808333 BCX0\">cca 1 km po <\/span><span class=\"NormalTextRun SpellingErrorV2Themed SCXW68808333 BCX0\">\u0160ulianskom<\/span><span class=\"NormalTextRun SCXW68808333 BCX0\"> jazere)<\/span><span class=\"NormalTextRun SCXW68808333 BCX0\">.<\/span> <span class=\"NormalTextRun SCXW68808333 BCX0\">GPS s\u00faradnica miesta stretnutia: <\/span><span class=\"NormalTextRun SCXW68808333 BCX0\">47\u00b056&#8217;19.8&#8243;N 17\u00b026&#8217;49.0&#8243;E. <\/span><span class=\"NormalTextRun SCXW68808333 BCX0\">Z parkoviska sa presunieme 0,5 km pe\u0161o k miesto \u0161tartu. <\/span><strong><span class=\"NormalTextRun SCXW68808333 BCX0\">\u010cas stretnutia je o <\/span><span class=\"NormalTextRun SCXW68808333 BCX0\">9.00 h<\/span><span class=\"NormalTextRun SCXW68808333 BCX0\">.<\/span> <\/strong><span class=\"NormalTextRun SCXW68808333 BCX0\">Na absolvovanie splavu <\/span><span class=\"NormalTextRun SCXW68808333 BCX0\">s\u00fa <\/span><span class=\"NormalTextRun SCXW68808333 BCX0\">potrebn\u00e9 3-<\/span><span class=\"NormalTextRun SCXW68808333 BCX0\">4 hodiny<\/span><span class=\"NormalTextRun SCXW68808333 BCX0\">, v z\u00e1vislosti od odhodlania <\/span><span class=\"NormalTextRun SCXW68808333 BCX0\">a chuti <\/span><span class=\"NormalTextRun SCXW68808333 BCX0\">\u00fa\u010dastn\u00edkov p\u00e1dlova\u0165 <\/span><span class=\"NormalTextRun SCXW68808333 BCX0\">a smeru vetra.<\/span><\/span><span class=\"EOP SCXW68808333 BCX0\" data-ccp-props=\"{&quot;201341983&quot;:0,&quot;335551550&quot;:6,&quot;335551620&quot;:6,&quot;335559739&quot;:160,&quot;335559740&quot;:279}\">\u00a0<\/span><\/p>\n<p><em>\u00da\u010dastn\u00edci splavu s\u00fa si vedom\u00ed, \u017ee splavovanie je akt\u00edvny \u0161port a jeho vykon\u00e1vanie je spojen\u00e9 s fyzickou n\u00e1mahou.\u00a0\u00a0<\/em><\/p>\n<p><em>Organizovan\u00e9 splavy s\u00fa aktivity, ktor\u00e9 s\u00fa realizovan\u00e9 v kolekt\u00edve \u013eud\u00ed, preto si vy\u017eaduj\u00fa primeran\u00fa fyzick\u00fa a psychick\u00fa dispoz\u00edciu, schopnos\u0165 prisp\u00f4sobi\u0165 sa a by\u0165 s\u00fa\u010dinn\u00fd. Osob\u00e1m so zdravotn\u00fdmi a telesn\u00fdmi obmedzeniami sa neodpor\u00fa\u010da z\u00fa\u010dastni\u0165 sa tejto organizovanej aktivity.\u00a0\u00a0<\/em><\/p>\n<p><em>V\u0161etci \u00fa\u010dastn\u00edci potvrdzuj\u00fa, \u017ee vedia pl\u00e1va\u0165. \u00da\u010das\u0165 t\u00fdch, ktor\u00ed nedosahuj\u00fa vek 10 rokov si vy\u017eaduje p\u00edsomn\u00fd s\u00fahlas z\u00e1konn\u00e9ho z\u00e1stupcu na mieste.\u00a0<\/em><\/p>\n<p><em>KOCR Trnavsk\u00fd kraj m\u00e1 z\u00e1ujem, aby organizovan\u00e9 splavy prebiehali v priate\u013eskej atmosf\u00e9re, \u00fa\u010dastn\u00edci mali pozit\u00edvny pr\u00edstup k splavovaniu. V\u0161etci \u00fa\u010dastn\u00edci s\u00fa povinn\u00ed sledova\u0165 in\u0161trukcie a dodr\u017eiava\u0165 pravidl\u00e1 ur\u010den\u00e9 organiz\u00e1torom.\u00a0\u00a0<\/em><\/p>\n<p><em>Sprievodca\/organiz\u00e1tor m\u00e1 pr\u00e1vo bez n\u00e1roku na n\u00e1hradu vyl\u00fa\u010di\u0165 z organizovan\u00e9ho splavu osoby nar\u00fa\u0161aj\u00face priebeh splavu, pr\u00edp. in\u00e9 osoby, a to v s\u00falade so V\u0161eobecn\u00fdmi obchodn\u00fdmi podmienkami KOCR Trnavsk\u00fd kraj.\u00a0\u00a0<\/em><\/p>\n<p><em>KOCR Trnavsk\u00fd kraj nenesie \u017eiadnu zodpovednos\u0165 za ujmu na zdrav\u00ed \u00fa\u010dastn\u00edkov splavu a in\u00fdch \u0161kod\u00e1ch vzniknut\u00fdch na splave bez zavinenia KOCR Trnavsk\u00fd kraj.\u00a0\u00a0<\/em><\/p>\n<p><a href=\"https:\/\/rezervacie.krajzazitkov.sk\/en\/ryzovanie-na-splave\/\"><strong>&lt;&lt;&lt; Back to the selection of dates<\/strong><\/a><\/p>","protected":false},"excerpt":{"rendered":"<p><span data-contrast=\"auto\">Za\u017eite letn\u00e9 dobrodru\u017estvo na vode s vyry\u017eovan\u00edm vlastnej zlatinky. Splavte tajomn\u00e9 z\u00e1kutia \u0160ulianskeho ramena, ktor\u00e9 je s\u00fa\u010das\u0165ou Dunajsk\u00fdch ramien pri ma\u010farsk\u00fdch hraniciach.\u00a0<\/span><span data-ccp-props=\"{&quot;134233117&quot;:false,&quot;134233118&quot;:false,&quot;201341983&quot;:0,&quot;335551550&quot;:6,&quot;335551620&quot;:6,&quot;335559685&quot;:0,&quot;335559737&quot;:0,&quot;335559738&quot;:0,&quot;335559739&quot;:160,&quot;335559740&quot;:279}\">\u00a0<\/span><\/p>\n<p><span data-contrast=\"auto\">Po\u010das splavu uvid\u00edme typick\u00fa dunajsk\u00fa krajinu, ostrovy, lu\u017en\u00e9 lesy, tunaj\u0161iu fl\u00f3ru a faunu, ako aj chatov\u00fa oblas\u0165. Geol\u00f3g v\u00e1m r\u00e1d porozpr\u00e1va o zauj\u00edmavostiach lokality. Splavova\u0165 budeme na 10 miestnych nafukovac\u00edch kanoe so sk\u00fasen\u00fdmi kormideln\u00edkmi.<\/span><span data-ccp-props=\"{&quot;134233117&quot;:false,&quot;134233118&quot;:false,&quot;201341983&quot;:0,&quot;335551550&quot;:6,&quot;335551620&quot;:6,&quot;335559685&quot;:0,&quot;335559737&quot;:0,&quot;335559738&quot;:0,&quot;335559739&quot;:160,&quot;335559740&quot;:279}\">\u00a0<\/span><\/p>\n<p><span data-contrast=\"auto\">Po splave nasleduje uk\u00e1\u017eka ry\u017eovania zlata spojen\u00e1 s prezent\u00e1ciou cesty zlata od zlatonosn\u00fdch \u017e\u00edl po \u017ditn\u00fd ostrov. Budeme ma\u0165 \u0161ancu vysk\u00fa\u0161a\u0165 si vyry\u017eova\u0165 svoju zlatinku pomocou ry\u017eovacej lavice tak, ako za star\u00fdch \u010dias. Svoju zlatinku si ponesieme domov, nalepen\u00fa na diplome \u00faspe\u0161n\u00e9ho ry\u017eova\u010da.<\/span><span data-ccp-props=\"{&quot;134233117&quot;:false,&quot;134233118&quot;:false,&quot;201341983&quot;:0,&quot;335551550&quot;:6,&quot;335551620&quot;:6,&quot;335559685&quot;:0,&quot;335559737&quot;:0,&quot;335559738&quot;:0,&quot;335559739&quot;:160,&quot;335559740&quot;:279}\">\u00a0<\/span><\/p>\n<h4><strong>PREDPREDAJ JE ZASTAVEN\u00dd<\/strong><\/h4>\n<h4><strong>V pr\u00edpade z\u00e1ujmu o posledn\u00e9 tri vstupenky na Ry\u017eovanie zlata na splave na 13. j\u00fala 2024 volajte +421 948 989 012.<\/strong><\/h4>\n<p><strong>Ceny vstupeniek:<\/strong><\/p>\n<p>Z\u00e1kladn\u00fd l\u00edstok: 17 eur (dospel\u00e1 osoba)<\/p>\n<p>Z\u013eavnen\u00fd l\u00edstok: 15 eur (die\u0165a do 10 rokov)<\/p>","protected":false},"featured_media":595,"template":"","meta":{"neve_meta_sidebar":"","neve_meta_container":"","neve_meta_enable_content_width":"off","neve_meta_content_width":100,"neve_meta_title_alignment":"","neve_meta_author_avatar":"","neve_post_elements_order":"","neve_meta_disable_header":"","neve_meta_disable_footer":"","neve_meta_disable_title":""},"product_brand":[],"product_cat":[15],"product_tag":[],"class_list":{"0":"post-588","1":"product","2":"type-product","3":"status-publish","4":"has-post-thumbnail","6":"product_cat-podujatia","8":"first","9":"outofstock","10":"shipping-taxable","11":"purchasable","12":"product-type-variable"},"_links":{"self":[{"href":"https:\/\/rezervacie.krajzazitkov.sk\/en\/wp-json\/wp\/v2\/product\/588","targetHints":{"allow":["GET"]}}],"collection":[{"href":"https:\/\/rezervacie.krajzazitkov.sk\/en\/wp-json\/wp\/v2\/product"}],"about":[{"href":"https:\/\/rezervacie.krajzazitkov.sk\/en\/wp-json\/wp\/v2\/types\/product"}],"wp:featuredmedia":[{"embeddable":true,"href":"https:\/\/rezervacie.krajzazitkov.sk\/en\/wp-json\/wp\/v2\/media\/595"}],"wp:attachment":[{"href":"https:\/\/rezervacie.krajzazitkov.sk\/en\/wp-json\/wp\/v2\/media?parent=588"}],"wp:term":[{"taxonomy":"product_brand","embeddable":true,"href":"https:\/\/rezervacie.krajzazitkov.sk\/en\/wp-json\/wp\/v2\/product_brand?post=588"},{"taxonomy":"product_cat","embeddable":true,"href":"https:\/\/rezervacie.krajzazitkov.sk\/en\/wp-json\/wp\/v2\/product_cat?post=588"},{"taxonomy":"product_tag","embeddable":true,"href":"https:\/\/rezervacie.krajzazitkov.sk\/en\/wp-json\/wp\/v2\/product_tag?post=588"}],"curies":[{"name":"wp","href":"https:\/\/api.w.org\/{rel}","templated":true}]}}