{"id":520,"date":"2024-05-02T14:03:20","date_gmt":"2024-05-02T12:03:20","guid":{"rendered":"https:\/\/rezervacie.krajzazitkov.sk\/?post_type=product&#038;p=520"},"modified":"2024-11-05T09:17:12","modified_gmt":"2024-11-05T08:17:12","slug":"cyklotulacky-po-zitnom-ostrove-sobota-1-jun-2024-o-1000-hod","status":"publish","type":"product","link":"https:\/\/rezervacie.krajzazitkov.sk\/en\/product\/cyklotulacky-po-zitnom-ostrove-sobota-1-jun-2024-o-1000-hod\/","title":{"rendered":"Cyklot\u00fala\u010dky po \u017ditnom ostrove &#8211; Sobota 1. j\u00fan 2024 o 10:00 hod."},"content":{"rendered":"<p class=\"m_2023905363321090192paragraph\"><em><span class=\"m_2023905363321090192normaltextrun\">\u00da\u010dastn\u00edci organizovan\u00fdch prehliadok s\u00fa si vedom\u00ed, \u017ee turistika je akt\u00edvny \u0161port a jeho vykon\u00e1vanie je spojen\u00e9 s fyzickou n\u00e1mahou.\u00a0<\/span><span class=\"m_2023905363321090192eop\">\u00a0<\/span><u><\/u><u><\/u><\/em><\/p>\n<p class=\"m_2023905363321090192paragraph\"><em><span class=\"m_2023905363321090192normaltextrun\">Organizovan\u00e9 prehliadky s\u00fa aktivity, ktor\u00e9 s\u00fa realizovan\u00e9 v kolekt\u00edve \u013eud\u00ed, preto si vy\u017eaduj\u00fa primeran\u00fa fyzick\u00fa a psychick\u00fa dispoz\u00edciu, schopnos\u0165 prisp\u00f4sobi\u0165 sa a by\u0165 s\u00fa\u010dinn\u00fd. Osob\u00e1m so zdravotn\u00fdmi a telesn\u00fdmi obmedzeniami sa neodpor\u00fa\u010da z\u00fa\u010dastni\u0165 sa tejto organizovanej aktivity.\u00a0<\/span><span class=\"m_2023905363321090192eop\">\u00a0<\/span><u><\/u><u><\/u><\/em><\/p>\n<p class=\"m_2023905363321090192paragraph\"><em><span class=\"m_2023905363321090192normaltextrun\">KOCR Trnavsk\u00fd kraj m\u00e1 z\u00e1ujem, aby organizovan\u00e9 prehliadky prebiehali v priate\u013eskej atmosf\u00e9re, \u00fa\u010dastn\u00edci mali pozit\u00edvny pr\u00edstup k akt\u00edvnej turistike a re\u0161pektovali v\u00fdklad sprev\u00e1dzaj\u00faceho.<\/span><span class=\"m_2023905363321090192eop\">\u00a0<\/span><u><\/u><u><\/u><\/em><\/p>\n<p class=\"m_2023905363321090192paragraph\"><em><span class=\"m_2023905363321090192normaltextrun\">Sprev\u00e1dzaj\u00faci\/organiz\u00e1tor m\u00e1 pr\u00e1vo bez n\u00e1roku na n\u00e1hradu vyl\u00fa\u010di\u0165 z\u202forganizovanej prehliadky osoby nar\u00fa\u0161aj\u00face priebeh prehliadky, pr\u00edp. in\u00e9 osoby, a\u202fto v\u202fs\u00falade so V\u0161eobecn\u00fdmi obchodn\u00fdmi podmienkami KOCR Trnavsk\u00fd kraj.\u00a0<\/span><span class=\"m_2023905363321090192eop\">\u00a0<\/span><u><\/u><u><\/u><\/em><\/p>\n<p class=\"m_2023905363321090192paragraph\"><em><span class=\"m_2023905363321090192normaltextrun\">KOCR Trnavsk\u00fd kraj nenesie \u017eiadnu zodpovednos\u0165 za ujmu na zdrav\u00ed \u00fa\u010dastn\u00edkov prehliadky a in\u00fdch \u0161kod\u00e1ch vzniknut\u00fdch na trase prehliadok bez zavinenia KOCR Trnavsk\u00fd kraj.\u00a0<\/span><span class=\"m_2023905363321090192eop\">\u00a0<\/span><\/em><u><\/u><u><\/u><\/p>\n<p><a href=\"https:\/\/rezervacie.krajzazitkov.sk\/en\/piestany-podla-wintera\/\"><strong>&lt;&lt;&lt; Back to the selection of dates<\/strong><\/a><\/p>","protected":false},"excerpt":{"rendered":"<p><strong><span class=\"TextRun SCXW240560947 BCX0\" lang=\"SK-SK\" xml:lang=\"SK-SK\" data-contrast=\"auto\"><span class=\"NormalTextRun SCXW240560947 BCX0\">Cyklistick<\/span><span class=\"NormalTextRun SCXW240560947 BCX0\">\u00fd <\/span><span class=\"NormalTextRun SCXW240560947 BCX0\">okruh<\/span><span class=\"NormalTextRun SCXW240560947 BCX0\">, na ktor<\/span><span class=\"NormalTextRun SCXW240560947 BCX0\">\u00fd <\/span><span class=\"NormalTextRun SCXW240560947 BCX0\">sa vyd\u00e1me <\/span><span class=\"NormalTextRun SCXW240560947 BCX0\">po\u010das ka\u017edej soboty v j\u00fani sa za\u010d\u00edna<\/span> <span class=\"NormalTextRun SCXW240560947 BCX0\">o 10<\/span><span class=\"NormalTextRun SCXW240560947 BCX0\">.00 h<\/span><span class=\"NormalTextRun SCXW240560947 BCX0\"> v obci Sap<\/span><span class=\"NormalTextRun SCXW240560947 BCX0\"> pri hr\u00e1dzi<\/span><span class=\"NormalTextRun SCXW240560947 BCX0\">, na konci ulice, na ktorej sa nach\u00e1dza kostol aj obecn\u00fd \u00farad<\/span> <span class=\"NormalTextRun SCXW240560947 BCX0\">(<\/span><span class=\"NormalTextRun SCXW240560947 BCX0\">47\u00b049&#8217;09.1&#8243;N 17\u00b036&#8217;55.3&#8243;E)<\/span><span class=\"NormalTextRun SCXW240560947 BCX0\">.<\/span><span class=\"NormalTextRun SCXW240560947 BCX0\"> \u010cas stretnutia je o 9<\/span><span class=\"NormalTextRun SCXW240560947 BCX0\">.45 h.<\/span><span class=\"NormalTextRun SCXW240560947 BCX0\"> Okruh meria <\/span><span class=\"NormalTextRun SCXW240560947 BCX0\">spolu 30 km, <\/span><span class=\"NormalTextRun SCXW240560947 BCX0\">na jeho <\/span><span class=\"NormalTextRun SCXW240560947 BCX0\">absolvovanie s\u00fa potrebn\u00e9 4 hodiny.\u00a0<\/span><\/span><span class=\"EOP SCXW240560947 BCX0\" data-ccp-props=\"{&quot;201341983&quot;:0,&quot;335551550&quot;:6,&quot;335551620&quot;:6,&quot;335559739&quot;:160,&quot;335559740&quot;:279}\">\u00a0<\/span><\/strong><\/p>\n<p><strong>Spoznajte tajomstv\u00e1 \u010c\u00ed\u010dovsk\u00e9ho m\u0155tveho rameno a objavte vraky star\u00fdch lod\u00ed uprostred lu\u017en\u00e9ho lesa.<\/strong><\/p>\n<p><b><span data-contrast=\"none\">\u010co si zobra\u0165 so sebou? <\/span><\/b><strong><span class=\"TextRun SCXW87444656 BCX0\" lang=\"SK-SK\" xml:lang=\"SK-SK\" data-contrast=\"auto\"><span class=\"NormalTextRun SCXW87444656 BCX0\">Na tento nen\u00e1ro\u010dn\u00fd v\u00fdlet nepotrebujete \u0161peci\u00e1lne vybavenie, zaba\u013ete si hlavne dobr\u00fa n\u00e1lad<\/span><span class=\"NormalTextRun SCXW87444656 BCX0\">u, pitn\u00fd re\u017eim a svoj bicykel.<\/span><\/span><span class=\"EOP SCXW87444656 BCX0\" data-ccp-props=\"{&quot;201341983&quot;:0,&quot;335559739&quot;:160,&quot;335559740&quot;:279}\">\u00a0<\/span><\/strong><\/p>\n<p>Contact <a href=\"mailto:info@krajzazitkov.sk\">info@krajzazitkov.sk<\/a><\/p>\n<p class=\"m_2023905363321090192paragraph\"><span class=\"m_2023905363321090192normaltextrun\">Cena z\u00e1kladnej vstupenky je <strong>12 eur. <\/strong>Pri pr\u00edle\u017eitosti Medzin\u00e1rodn\u00e9ho d\u0148a det\u00ed maj\u00fa deti do 16 rokov <strong>vstupenku na Cyklot\u00fala\u010dku, ktor\u00e1 sa kon\u00e1 1. 6. 2024 ZDARMA.<br \/>\n<\/strong><\/span><span data-contrast=\"auto\">Z\u00e1\u017eitkov\u00e9 cyklov\u00fdlety s\u00fa <\/span><span data-contrast=\"auto\">vhodn\u00e9 pre deti od 8 rokov.<\/span><span data-ccp-props=\"{&quot;201341983&quot;:0,&quot;335559739&quot;:160,&quot;335559740&quot;:279}\">\u00a0<\/span><\/p>\n<p>Pri cyklov\u00fdletoch sa treba pripravi\u0165 na ob\u010dasn\u00e9 preh\u00e1nky alebo d\u00e1\u017e\u010f. V pr\u00edpade ve\u013emi nepriazniv\u00e9ho po\u010dasia bude podujatie zru\u0161en\u00e9, s mo\u017enos\u0165ou vyu\u017eitia vstupeniek v inom term\u00edne. \u00da\u010dastn\u00edci bud\u00fa vopred informovan\u00ed e-mailom alebo telefonicky.<\/p>\n<p><span data-ccp-props=\"{&quot;201341983&quot;:0,&quot;335559739&quot;:160,&quot;335559740&quot;:279}\">\u00a0<\/span><\/p>","protected":false},"featured_media":517,"template":"","meta":{"neve_meta_sidebar":"","neve_meta_container":"","neve_meta_enable_content_width":"off","neve_meta_content_width":100,"neve_meta_title_alignment":"","neve_meta_author_avatar":"","neve_post_elements_order":"","neve_meta_disable_header":"","neve_meta_disable_footer":"","neve_meta_disable_title":""},"product_brand":[],"product_cat":[15],"product_tag":[],"class_list":{"0":"post-520","1":"product","2":"type-product","3":"status-publish","4":"has-post-thumbnail","6":"product_cat-podujatia","8":"first","9":"outofstock","10":"shipping-taxable","11":"purchasable","12":"product-type-variable"},"_links":{"self":[{"href":"https:\/\/rezervacie.krajzazitkov.sk\/en\/wp-json\/wp\/v2\/product\/520","targetHints":{"allow":["GET"]}}],"collection":[{"href":"https:\/\/rezervacie.krajzazitkov.sk\/en\/wp-json\/wp\/v2\/product"}],"about":[{"href":"https:\/\/rezervacie.krajzazitkov.sk\/en\/wp-json\/wp\/v2\/types\/product"}],"wp:featuredmedia":[{"embeddable":true,"href":"https:\/\/rezervacie.krajzazitkov.sk\/en\/wp-json\/wp\/v2\/media\/517"}],"wp:attachment":[{"href":"https:\/\/rezervacie.krajzazitkov.sk\/en\/wp-json\/wp\/v2\/media?parent=520"}],"wp:term":[{"taxonomy":"product_brand","embeddable":true,"href":"https:\/\/rezervacie.krajzazitkov.sk\/en\/wp-json\/wp\/v2\/product_brand?post=520"},{"taxonomy":"product_cat","embeddable":true,"href":"https:\/\/rezervacie.krajzazitkov.sk\/en\/wp-json\/wp\/v2\/product_cat?post=520"},{"taxonomy":"product_tag","embeddable":true,"href":"https:\/\/rezervacie.krajzazitkov.sk\/en\/wp-json\/wp\/v2\/product_tag?post=520"}],"curies":[{"name":"wp","href":"https:\/\/api.w.org\/{rel}","templated":true}]}}