{"id":1837,"date":"2026-03-31T12:46:00","date_gmt":"2026-03-31T10:46:00","guid":{"rendered":"https:\/\/rezervacie.krajzazitkov.sk\/?post_type=product&#038;p=1837"},"modified":"2026-04-23T15:46:23","modified_gmt":"2026-04-23T13:46:23","slug":"trnava-a-dolna-krupa-27-5-2026","status":"publish","type":"product","link":"https:\/\/rezervacie.krajzazitkov.sk\/en\/product\/trnava-a-dolna-krupa-27-5-2026\/","title":{"rendered":"Seniorsk\u00e9 cestovanie: Trnava a Doln\u00e1 Krup\u00e1 | 27. 5. 2026"},"content":{"rendered":"<p><strong>\u00da\u010dastn\u00edkom v\u00fdletu mus\u00ed by\u0165 v\u00fdlu\u010dne osoba seniorsk\u00e9ho veku, s trval\u00fdm, resp. prechodn\u00fdm pobytom v\u00a0Olomouckom kraji v \u010ceskej republike.\u00a0\u00a0<\/strong><\/p>\n<p><span data-contrast=\"auto\">\u00da\u010dastn\u00edk v\u00fdletu si hrad\u00ed cestovn\u00e9 poistenie na vlastn\u00e9 n\u00e1klady.\u00a0<\/span><span data-ccp-props=\"{}\">\u00a0<\/span><\/p>\n<p><span data-contrast=\"auto\">Tento organizovan\u00fd v\u00fdlet v kolekt\u00edve \u013eud\u00ed vy\u017eaduje primeran\u00fa fyzick\u00fa a psychick\u00fa dispoz\u00edciu, schopnos\u0165 prisp\u00f4sobi\u0165 sa a by\u0165 s\u00fa\u010dinn\u00fd. Osob\u00e1m so zdravotn\u00fdmi a telesn\u00fdmi obmedzeniami sa neodpor\u00fa\u010da z\u00fa\u010dastni\u0165 sa tejto organizovanej aktivity.\u00a0\u00a0\u00a0<\/span><span data-ccp-props=\"{}\">\u00a0<\/span><\/p>\n<p><span data-contrast=\"auto\">KOCR Trnavsk\u00fd kraj m\u00e1 z\u00e1ujem, aby organizovan\u00e9 v\u00fdlety prebiehali v priate\u013eskej atmosf\u00e9re, \u00fa\u010dastn\u00edci mali pozit\u00edvny pr\u00edstup k spolo\u010dn\u00fdm aktivit\u00e1m. V\u0161etci \u00fa\u010dastn\u00edci s\u00fa povinn\u00ed sledova\u0165 in\u0161trukcie a dodr\u017eiava\u0165 pravidl\u00e1 ur\u010den\u00e9 organiz\u00e1torom.\u00a0\u00a0\u00a0<\/span><span data-ccp-props=\"{}\">\u00a0<\/span><\/p>\n<p><span data-contrast=\"auto\">KOCR Trnavsk\u00fd kraj nenesie \u017eiadnu zodpovednos\u0165 za ujmu na zdrav\u00ed \u00fa\u010dastn\u00edkov v\u00fdletu a in\u00fdch \u0161kod\u00e1ch vzniknut\u00fdch na v\u00fdlete bez zavinenia KOCR Trnavsk\u00fd kraj, a to v s\u00falade so <a href=\"https:\/\/krajzazitkov.sk\/vseobecne-obchodne-podmienky\/\">V\u0161eobecn\u00fdmi obchodn\u00fdmi podmienkami<\/a> KOCR Trnavsk\u00fd kraj.\u00a0\u00a0\u00a0<\/span><span data-ccp-props=\"{}\">\u00a0<\/span><\/p>\n<p><a href=\"https:\/\/rezervacie.krajzazitkov.sk\/en\/seniorske-cestovanie\/\"><strong>&lt;&lt;&lt; Back to the selection of dates<\/strong><\/a><\/p>","protected":false},"excerpt":{"rendered":"<p><span data-contrast=\"auto\">Trnava bola po st\u00e1ro\u010dia duchovn\u00fdm centrom Uhorska. Ve\u017ee kostolov sa dnes dv\u00edhaj\u00fa nad pr\u00edjemn\u00fdmi uli\u010dkami i starobyl\u00fdm opevnen\u00edm.\u00a0<\/span><span data-contrast=\"auto\">Spoznajte hist\u00f3riu aj duchovn\u00e9 dedi\u010dstvo \u201eMal\u00e9ho R\u00edma\u201c. Sladkou bodkou za pr\u00edjemn\u00fdm v\u00fdletom bude ochutn\u00e1vka medoviny v obci Doln\u00e1 Krup\u00e1, ktor\u00fa presl\u00e1vilo Roz\u00e1rium gr\u00e9fky M\u00e1rie Chotekovej.\u00a0<\/span><span data-ccp-props=\"{&quot;134233117&quot;:false,&quot;134233118&quot;:false,&quot;335559738&quot;:0,&quot;335559739&quot;:0}\">\u00a0<\/span><\/p>\n<p><strong>V stredu 27. 5. 2026 v\u00e1s z Olomouca a P\u0159erova do Trnavsk\u00e9ho kraja pohodlne doprav\u00edme autobusom. \u00a0<\/strong><\/p>\n<p><span data-contrast=\"auto\">Komentovan\u00e1 prehliadka\u00a0mesta\u00a0Trnava\u00a0so sprievodcom je zameran\u00e1 na<strong> sakr\u00e1lne pamiatky<\/strong>. Po\u010das prehliadky spozn\u00e1te <strong>v\u00fdznamn\u00e9 kostoly, ale aj zauj\u00edmav\u00e9 relikvie a pr\u00edbehy<\/strong>, ktor\u00e9 sa s nimi sp\u00e1jaj\u00fa. Prehliadka zah\u0155\u0148a n\u00e1v\u0161tevu Mestskej ve\u017ee. Z jej ochodzu budete ma\u0165 <strong>v\u00fdh\u013ead na kr\u00e1\u013eovsk\u00e9 mesto<\/strong> a spozn\u00e1te pr\u00edbeh rodiny hodin\u00e1rov, ktor\u00fdm Trnav\u010dania v\u010fa\u010dia za \u201cpresn\u00fd \u010das\u201d u\u017e po gener\u00e1cie. <\/span><span data-ccp-props=\"{&quot;134233117&quot;:false,&quot;134233118&quot;:false,&quot;335559738&quot;:281,&quot;335559739&quot;:281}\">\u00a0<\/span><\/p>\n<p><span data-contrast=\"auto\">Obed sa pod\u00e1va v historickej budove <strong>Wetzlerov dom<\/strong> v centra mesta. Pr\u00edjemn\u00e9 prostredie a kvalitn\u00e1 kuchy\u0148a s\u00fa ide\u00e1lnou prest\u00e1vkou pred \u010fal\u0161ou \u010das\u0165ou v\u00fdletu. Po obede sa autobusom odveziete <strong>do ne\u010falekej Dolnej Krupej<\/strong> \u2013 obce, ktor\u00fa si ob\u013e\u00fabil aj Ludwig van Beethoven a zn\u00e1ma je tie\u017e v\u010faka ru\u017eiarskej trad\u00edcii. <\/span><span data-ccp-props=\"{&quot;134233117&quot;:false,&quot;134233118&quot;:false,&quot;335559738&quot;:240,&quot;335559739&quot;:240}\">\u00a0<\/span><\/p>\n<p><span data-contrast=\"auto\"><strong>Popoludnie patr\u00ed oddychu v\u00a0lok\u00e1lnom\u00a0medovin\u00e1rstve.<\/strong> Ochutn\u00e1te medovinu,\u00a0ktor\u00e1 je\u00a0oce\u0148ovan\u00e1 aj vo svete,\u00a0dozviete sa\u00a0zauj\u00edmavosti o v\u00fdrobe medu\u00a0a\u00a0prejdete sa\u00a0roz\u00e1riom pln\u00fdm vo\u0148av\u00fdch ru\u017e\u00ed.\u00a0Pokojn\u00e1 atmosf\u00e9ra a pr\u00edjemn\u00e9 prostredie pon\u00fakaj\u00fa ide\u00e1lne zakon\u010denie v\u00fdletu.\u00a0Po dni plnom hist\u00f3rie, chut\u00ed a v\u00f4n\u00ed sa\u00a0vyd\u00e1te\u00a0na cestu domov.\u00a0<\/span><span data-ccp-props=\"{&quot;134233117&quot;:false,&quot;134233118&quot;:false,&quot;335559738&quot;:240,&quot;335559739&quot;:240}\">\u00a0<\/span><\/p>\n<p><b><span data-contrast=\"auto\">Cena: <\/span><\/b><span data-contrast=\"auto\">Jednotn\u00e1\u00a0cena so z\u013eavou pre seniorov\u00a0je<strong> 20 eur <\/strong>&#8211; zah\u0155\u0148a dopravu autobusom do regi\u00f3nu Trnava a sp\u00e4\u0165, prehliadku mesta Trnava, 3-chodov\u00fd obed s 0,33l miner\u00e1lkou alebo mal\u00fdm pivom (0,3l), prehliadku medovin\u00e1rstva s ochutn\u00e1vkou dvoch vzoriek medoviny a vstupom do roz\u00e1ria, sprievod deleg\u00e1ta po\u010das cel\u00e9ho d\u0148a.\u00a0 <\/span><span data-ccp-props=\"{&quot;134233118&quot;:false,&quot;335559739&quot;:0}\">\u00a0<\/span><\/p>\n<p><span data-contrast=\"auto\">Na va\u0161e ot\u00e1zky radi odpovieme telefonicky na \u010d\u00edsle +421 948 989 012 alebo +421 947 958 993 alebo e-mailom <\/span><a href=\"mailto:info@krajzazitkov.sk\"><span data-contrast=\"none\">info@krajzazitkov.sk<\/span><\/a><span data-contrast=\"auto\">.<\/span><span data-ccp-props=\"{}\">\u00a0<\/span><\/p>\n<p><b><span data-contrast=\"auto\">N\u00e1stupn\u00e9 miesta:\u00a0<\/span><\/b><span data-ccp-props=\"{&quot;134233117&quot;:false,&quot;134233118&quot;:false,&quot;335559738&quot;:0,&quot;335559739&quot;:0}\">\u00a0<\/span><\/p>\n<p><span data-contrast=\"auto\">7:00 h\u00a0Olomouc \u2013 Hotel\u00a0Clarion<\/span><span data-ccp-props=\"{&quot;134233117&quot;:false,&quot;134233118&quot;:false,&quot;335559738&quot;:0,&quot;335559739&quot;:0}\"><br \/>\n<\/span><span data-contrast=\"auto\">7:30 h\u00a0P\u0159erov\u00a0\u2013 autobusov\u00e1 zast\u00e1vka\u00a0Velk\u00e1\u00a0Dl\u00e1\u017eka (sm\u011br\u00a0z\u00a0m\u011bsta)<\/span><span data-ccp-props=\"{&quot;134233117&quot;:false,&quot;134233118&quot;:false,&quot;335559738&quot;:0,&quot;335559739&quot;:0}\">\u00a0<\/span><\/p>\n<p><b><span data-contrast=\"none\">Program v\u00fdletu:<\/span><\/b><span data-contrast=\"none\">\u00a0<\/span><span data-ccp-props=\"{&quot;134233117&quot;:false,&quot;134233118&quot;:false,&quot;335559685&quot;:0,&quot;335559738&quot;:0,&quot;335559739&quot;:0}\">\u00a0<\/span><\/p>\n<p><span data-contrast=\"none\">10:00 Pr\u00edchod do Trnavy<\/span><span data-ccp-props=\"{&quot;134233117&quot;:false,&quot;134233118&quot;:false,&quot;335557856&quot;:16777215,&quot;335559738&quot;:0,&quot;335559739&quot;:0}\"><br \/>\n<\/span><span data-contrast=\"none\">10:00 &#8211; 11:30 Prehliadka mesta zameran\u00e1 na kostoly\/relikvie<\/span><span data-ccp-props=\"{&quot;134233117&quot;:false,&quot;134233118&quot;:false,&quot;335557856&quot;:16777215,&quot;335559738&quot;:0,&quot;335559739&quot;:0}\"><br \/>\n<\/span><span data-contrast=\"none\">11:30 &#8211; 12:30 N\u00e1v\u0161teva Mestskej ve\u017ee s pr\u00edbehom rodinn\u00e9ho hodin\u00e1rstva<br \/>\n<\/span><span data-contrast=\"none\">12:45 &#8211; 14:00 Obed (Wetzlerov\u00a0dom)<\/span><b><span data-contrast=\"none\">\u00a0<\/span><\/b><span data-ccp-props=\"{&quot;134233117&quot;:false,&quot;134233118&quot;:false,&quot;335557856&quot;:16777215,&quot;335559738&quot;:0,&quot;335559739&quot;:0}\"><br \/>\n<\/span><span data-contrast=\"none\">14:00 \u2013 14:15\u00a0Presun do Dolnej Krupej\u00a0<\/span><span data-ccp-props=\"{&quot;134233117&quot;:false,&quot;134233118&quot;:false,&quot;201341983&quot;:0,&quot;335551550&quot;:1,&quot;335551620&quot;:1,&quot;335557856&quot;:16777215,&quot;335559685&quot;:0,&quot;335559737&quot;:0,&quot;335559738&quot;:0,&quot;335559739&quot;:0,&quot;335559740&quot;:279}\"><br \/>\n<\/span><span data-contrast=\"none\">14:30 &#8211; 16:45 N\u00e1v\u0161teva\u00a0lok\u00e1lneho\u00a0medovin\u00e1rstva\u00a0Medolandia\u00a0s ochutn\u00e1vkou\u00a02\u00a0medoviny a n\u00e1v\u0161tevou Roz\u00e1ria<\/span><span data-ccp-props=\"{&quot;134233117&quot;:false,&quot;134233118&quot;:false,&quot;335557856&quot;:16777215,&quot;335559738&quot;:0,&quot;335559739&quot;:0}\"><br \/>\n<\/span><span data-contrast=\"none\">17:00 Cesta sp\u00e4\u0165 do \u010ceska<\/span><span data-ccp-props=\"{&quot;134233117&quot;:false,&quot;134233118&quot;:false,&quot;335557856&quot;:16777215,&quot;335559738&quot;:0,&quot;335559739&quot;:0}\">\u00a0<\/span><span data-ccp-props=\"{&quot;134233117&quot;:false,&quot;134233118&quot;:false,&quot;335559738&quot;:240,&quot;335559739&quot;:240}\">\u00a0<\/span><\/p>","protected":false},"featured_media":1829,"template":"","meta":{"neve_meta_sidebar":"","neve_meta_container":"","neve_meta_enable_content_width":"off","neve_meta_content_width":100,"neve_meta_title_alignment":"","neve_meta_author_avatar":"","neve_post_elements_order":"","neve_meta_disable_header":"","neve_meta_disable_footer":"","neve_meta_disable_title":""},"product_brand":[],"product_cat":[15],"product_tag":[],"class_list":{"0":"post-1837","1":"product","2":"type-product","3":"status-publish","4":"has-post-thumbnail","6":"product_cat-podujatia","8":"first","9":"instock","10":"shipping-taxable","11":"purchasable","12":"product-type-variable"},"_links":{"self":[{"href":"https:\/\/rezervacie.krajzazitkov.sk\/en\/wp-json\/wp\/v2\/product\/1837","targetHints":{"allow":["GET"]}}],"collection":[{"href":"https:\/\/rezervacie.krajzazitkov.sk\/en\/wp-json\/wp\/v2\/product"}],"about":[{"href":"https:\/\/rezervacie.krajzazitkov.sk\/en\/wp-json\/wp\/v2\/types\/product"}],"wp:featuredmedia":[{"embeddable":true,"href":"https:\/\/rezervacie.krajzazitkov.sk\/en\/wp-json\/wp\/v2\/media\/1829"}],"wp:attachment":[{"href":"https:\/\/rezervacie.krajzazitkov.sk\/en\/wp-json\/wp\/v2\/media?parent=1837"}],"wp:term":[{"taxonomy":"product_brand","embeddable":true,"href":"https:\/\/rezervacie.krajzazitkov.sk\/en\/wp-json\/wp\/v2\/product_brand?post=1837"},{"taxonomy":"product_cat","embeddable":true,"href":"https:\/\/rezervacie.krajzazitkov.sk\/en\/wp-json\/wp\/v2\/product_cat?post=1837"},{"taxonomy":"product_tag","embeddable":true,"href":"https:\/\/rezervacie.krajzazitkov.sk\/en\/wp-json\/wp\/v2\/product_tag?post=1837"}],"curies":[{"name":"wp","href":"https:\/\/api.w.org\/{rel}","templated":true}]}}