{"id":1481,"date":"2025-05-07T09:58:32","date_gmt":"2025-05-07T07:58:32","guid":{"rendered":"https:\/\/rezervacie.krajzazitkov.sk\/?post_type=product&#038;p=1481"},"modified":"2025-08-13T09:06:08","modified_gmt":"2025-08-13T07:06:08","slug":"turbovylet-sobota-16-augusta-2025","status":"publish","type":"product","link":"https:\/\/rezervacie.krajzazitkov.sk\/en\/product\/turbovylet-sobota-16-augusta-2025\/","title":{"rendered":"TurboV\u00fdlet &#8211; Sobota 16. augusta 2025"},"content":{"rendered":"<p><em>\u00da\u010dastn\u00edci v\u00fdletu s\u00fa si vedom\u00ed, \u017ee po\u010das exkurzie na Vodnom diele Gab\u010d\u00edkovo musia dodr\u017eiava\u0165 in\u0161trukcie Vodohospod\u00e1rskej v\u00fdstavby a po\u010das pobytu v Thermalparku Corvinu <a href=\"https:\/\/corvinustermal.sk\/navstevny-poriadok\/\" target=\"_blank\" rel=\"noopener\">n\u00e1v\u0161tevn\u00fd poriadok<\/a>.\u00a0<\/em><\/p>\n<p><em>Tento organizovan\u00fd v\u00fdlet v kolekt\u00edve \u013eud\u00ed vy\u017eaduje primeran\u00fa fyzick\u00fa a psychick\u00fa dispoz\u00edciu, schopnos\u0165 prisp\u00f4sobi\u0165 sa a by\u0165 s\u00fa\u010dinn\u00fd. Osob\u00e1m so zdravotn\u00fdmi a telesn\u00fdmi obmedzeniami sa neodpor\u00fa\u010da z\u00fa\u010dastni\u0165 sa tejto organizovanej aktivity.\u00a0\u00a0<\/em><\/p>\n<p><em>V\u0161etci \u00fa\u010dastn\u00edci potvrdzuj\u00fa, \u017ee vedia pl\u00e1va\u0165. \u00da\u010das\u0165 t\u00fdch, ktor\u00ed nedosahuj\u00fa vek 10 rokov si vy\u017eaduje p\u00edsomn\u00fd s\u00fahlas z\u00e1konn\u00e9ho z\u00e1stupcu na mieste.\u00a0<\/em><\/p>\n<p><em>KOCR Trnavsk\u00fd kraj m\u00e1 z\u00e1ujem, aby organizovan\u00e9 v\u00fdlety prebiehali v priate\u013eskej atmosf\u00e9re, \u00fa\u010dastn\u00edci mali pozit\u00edvny pr\u00edstup k spolo\u010dn\u00fdm aktiv\u00edt\u00e1m. V\u0161etci \u00fa\u010dastn\u00edci s\u00fa povinn\u00ed sledova\u0165 in\u0161trukcie a dodr\u017eiava\u0165 pravidl\u00e1 ur\u010den\u00e9 organiz\u00e1torom.\u00a0\u00a0<\/em><\/p>\n<p><em>Sprievodca\/organiz\u00e1tor m\u00e1 pr\u00e1vo bez n\u00e1roku na n\u00e1hradu vyl\u00fa\u010di\u0165 z organizovan\u00e9ho splavu osoby nar\u00fa\u0161aj\u00face priebeh v\u00fdletu, pr\u00edp. in\u00e9 osoby, a to v s\u00falade so <a href=\"https:\/\/krajzazitkov.sk\/vseobecne-obchodne-podmienky\/\">V\u0161eobecn\u00fdmi obchodn\u00fdmi podmienkami KOCR Trnavsk\u00fd kraj<\/a>.\u00a0\u00a0<\/em><\/p>\n<p><em>KOCR Trnavsk\u00fd kraj nenesie \u017eiadnu zodpovednos\u0165 za ujmu na zdrav\u00ed \u00fa\u010dastn\u00edkov splavu a in\u00fdch \u0161kod\u00e1ch vzniknut\u00fdch na splave bez zavinenia KOCR Trnavsk\u00fd kraj.\u00a0\u00a0<\/em><\/p>\n<p><a href=\"https:\/\/rezervacie.krajzazitkov.sk\/en\/turbovylet\/\"><strong>&lt;&lt;&lt; Back to the selection of dates<\/strong><\/a><\/p>","protected":false},"excerpt":{"rendered":"<p><strong>Exkurzia na Vodnom diele Gab\u010d\u00edkovo a z\u00e1bava v termalparku Ve\u013ek\u00fd Meder.<\/strong><\/p>\n<p>V sobotu 16. augusta 2025 m\u00e1te jedine\u010dn\u00fa pr\u00edle\u017eitos\u0165 dosta\u0165 sa do \u00fatrob vodnej elektr\u00e1rne a spozna\u0165 fungovanie Vodn\u00e9ho diela Gab\u010d\u00edkovo zvn\u00fatra.<\/p>\n<p><strong>Program v\u00fdletu:<\/strong><br \/>\n8:00 n\u00e1stupn\u00e9 miesto Pie\u0161\u0165any, \u017eelezni\u010dn\u00e1 stanica<br \/>\n8:30\u00a0 n\u00e1stupn\u00e9 miesto Trnava, \u017eelezni\u010dn\u00e1 stanica<br \/>\n8:35 odchod spred \u017eelezni\u010dnej stanice Trnava<br \/>\n9:10 n\u00e1stupn\u00e9 mieste Galanta, \u017eelezni\u010dn\u00e1 stanica<br \/>\n10:00 pr\u00edchod k Infocentru Gab\u010d\u00edkovo<br \/>\n10:15 za\u010diatok exkurzie v Infocentre Gab\u010d\u00edkovo (trvanie 1,5 hod)<br \/>\n12:30 odchod od VD Gab\u010d\u00edkovo a presun do term\u00e1lneho aquaparku Ve\u013ek\u00fd Meder<br \/>\n13:00 \u2013 17:15 k\u00fapanie v aquaparku Ve\u013ek\u00fd Meder<br \/>\n17:30 odchod<br \/>\nSpiato\u010dn\u00e1 cesta cez Galantu, Trnavu a Pie\u0161\u0165any<\/p>\n<p><strong>Ceny vstupeniek:<\/strong> 28 eur (dospel\u00e1 osoba) \/ 24 eur (senior, die\u0165a do 16 rokov)<\/p>\n<p><strong>Upozornenie:<\/strong> Exkurzie na Vodnom diele Gab\u010d\u00edkovo sa m\u00f4\u017eu z\u00fa\u010dastni\u0165 deti od 10 rokov vzh\u013eadom na technick\u00e9 a bezpe\u010dnostn\u00e9 nariadenie spr\u00e1vy vodn\u00e9ho diela.\u00a0Celodenn\u00e9ho v\u00fdletu sa m\u00f4\u017eu z\u00fa\u010dastni\u0165 aj men\u0161ie deti, ale\u00a0nebud\u00fa ma\u0165 pr\u00edstup na samotn\u00fa exkurziu, musia osta\u0165 iba v priestoroch Infocentra s rodi\u010dom alebo pr\u00edbuzn\u00fdm.<\/p>\n<p><strong><span class=\"TextRun SCXW76473061 BCX0\" lang=\"SK-SK\" xml:lang=\"SK-SK\" data-contrast=\"auto\"><span class=\"NormalTextRun SCXW76473061 BCX0\">Po zak\u00fapen\u00ed vstupenky obdr\u017e\u00edte online dotazn\u00edk, v ktorom je potrebn\u00e9 uvies\u0165 <\/span><span class=\"NormalTextRun SCXW76473061 BCX0\">n\u00e1st<\/span><span class=\"NormalTextRun SCXW76473061 BCX0\">u<\/span><span class=\"NormalTextRun SCXW76473061 BCX0\">pn\u00fa zast\u00e1vku a <\/span><span class=\"NormalTextRun SCXW76473061 BCX0\">va\u0161u adresu trval\u00e9ho <\/span><span class=\"NormalTextRun SCXW76473061 BCX0\">pobytu <\/span><span class=\"NormalTextRun SCXW76473061 BCX0\">(<\/span><span class=\"NormalTextRun SCXW76473061 BCX0\">z d\u00f4vodu vn\u00fatorn\u00fdch pravidiel pre n\u00e1v\u0161tevn\u00edkov exkurzi\u00ed v priestoroch <\/span><span class=\"NormalTextRun SCXW76473061 BCX0\">a objektoch Vodohospod\u00e1rskej v\u00fdstavy, \u0161. p.<\/span><span class=\"NormalTextRun SCXW76473061 BCX0\">)<\/span> <\/span><span class=\"EOP SCXW76473061 BCX0\" data-ccp-props=\"{&quot;201341983&quot;:0,&quot;335559739&quot;:160,&quot;335559740&quot;:279}\">\u00a0<\/span><\/strong><\/p>","protected":false},"featured_media":806,"template":"","meta":{"neve_meta_sidebar":"","neve_meta_container":"","neve_meta_enable_content_width":"off","neve_meta_content_width":100,"neve_meta_title_alignment":"","neve_meta_author_avatar":"","neve_post_elements_order":"","neve_meta_disable_header":"","neve_meta_disable_footer":"","neve_meta_disable_title":""},"product_brand":[],"product_cat":[15],"product_tag":[],"class_list":{"0":"post-1481","1":"product","2":"type-product","3":"status-publish","4":"has-post-thumbnail","6":"product_cat-podujatia","8":"first","9":"outofstock","10":"shipping-taxable","11":"purchasable","12":"product-type-variable"},"_links":{"self":[{"href":"https:\/\/rezervacie.krajzazitkov.sk\/en\/wp-json\/wp\/v2\/product\/1481","targetHints":{"allow":["GET"]}}],"collection":[{"href":"https:\/\/rezervacie.krajzazitkov.sk\/en\/wp-json\/wp\/v2\/product"}],"about":[{"href":"https:\/\/rezervacie.krajzazitkov.sk\/en\/wp-json\/wp\/v2\/types\/product"}],"wp:featuredmedia":[{"embeddable":true,"href":"https:\/\/rezervacie.krajzazitkov.sk\/en\/wp-json\/wp\/v2\/media\/806"}],"wp:attachment":[{"href":"https:\/\/rezervacie.krajzazitkov.sk\/en\/wp-json\/wp\/v2\/media?parent=1481"}],"wp:term":[{"taxonomy":"product_brand","embeddable":true,"href":"https:\/\/rezervacie.krajzazitkov.sk\/en\/wp-json\/wp\/v2\/product_brand?post=1481"},{"taxonomy":"product_cat","embeddable":true,"href":"https:\/\/rezervacie.krajzazitkov.sk\/en\/wp-json\/wp\/v2\/product_cat?post=1481"},{"taxonomy":"product_tag","embeddable":true,"href":"https:\/\/rezervacie.krajzazitkov.sk\/en\/wp-json\/wp\/v2\/product_tag?post=1481"}],"curies":[{"name":"wp","href":"https:\/\/api.w.org\/{rel}","templated":true}]}}