{"id":1435,"date":"2025-04-29T09:45:34","date_gmt":"2025-04-29T07:45:34","guid":{"rendered":"https:\/\/rezervacie.krajzazitkov.sk\/?post_type=product&#038;p=1435"},"modified":"2025-10-14T19:40:54","modified_gmt":"2025-10-14T17:40:54","slug":"piestany-podla-wintera-25-oktobra-2025-o-1330","status":"publish","type":"product","link":"https:\/\/rezervacie.krajzazitkov.sk\/en\/product\/piestany-podla-wintera-25-oktobra-2025-o-1330\/","title":{"rendered":"Pie\u0161\u0165any pod\u013ea Wintera &#8211; 25. okt\u00f3bra 2025 o 13:30"},"content":{"rendered":"<p><em>Each tour participant will receive headphones. The deposit for rental of headhones is 20 euros (payable in cash on the spot). This money will be refunded to the participants after the end of the tour on the basis of the return of undamaged headphones.<br \/>\n<\/em><\/p>\n<p><span class=\"TextRun SCXW179809080 BCX0\" lang=\"SK-SK\" xml:lang=\"SK-SK\" data-contrast=\"auto\"><em><span class=\"NormalTextRun SCXW179809080 BCX0\">Trnava Regional Tourism Board assumes no liability for personal injury to participants and other damages incurred at the event through no fault of Trnava Regional Tourism Board. <\/span><span class=\"NormalTextRun SCXW179809080 BCX0\">na podujat\u00ed <\/span><span class=\"NormalTextRun SCXW179809080 BCX0\">bez zavinenia KOCR Trnavsk\u00fd kraj<\/span><\/em><span class=\"NormalTextRun SCXW179809080 BCX0\">.\u00a0<\/span><\/span><span class=\"EOP SCXW179809080 BCX0\" data-ccp-props=\"{&quot;201341983&quot;:0,&quot;335551550&quot;:6,&quot;335551620&quot;:6,&quot;335559739&quot;:160,&quot;335559740&quot;:259}\">\u00a0<\/span><\/p>\n<p><a href=\"https:\/\/rezervacie.krajzazitkov.sk\/en\/piestany-podla-wintera-jar-2025\/\"><strong>&lt;&lt;&lt; Back to the selection of dates<\/strong><\/a><\/p>","protected":false},"excerpt":{"rendered":"<p class=\"translation-block\">An experiential tour with memories of the indomitable businessman \u013dudov\u00edt Winter in headphones and performances by actors in historical costumes on the streets of Pie\u0161\u0165any. Unique format of Pie\u0161\u0165any \u00e1 la Mr. Winter stands between a dramatic work and a guided walk. It is based on the memoirs of a man who, at the age of 20, began to build the name of the Pie\u0161\u0165any spa and did not ease in his efforts even when he returned from a concentration camp with failing health.<\/p>","protected":false},"featured_media":625,"template":"","meta":{"neve_meta_sidebar":"","neve_meta_container":"","neve_meta_enable_content_width":"off","neve_meta_content_width":100,"neve_meta_title_alignment":"","neve_meta_author_avatar":"","neve_post_elements_order":"","neve_meta_disable_header":"","neve_meta_disable_footer":"","neve_meta_disable_title":""},"product_brand":[],"product_cat":[15],"product_tag":[],"class_list":{"0":"post-1435","1":"product","2":"type-product","3":"status-publish","4":"has-post-thumbnail","6":"product_cat-podujatia","8":"first","9":"outofstock","10":"shipping-taxable","11":"purchasable","12":"product-type-variable"},"_links":{"self":[{"href":"https:\/\/rezervacie.krajzazitkov.sk\/en\/wp-json\/wp\/v2\/product\/1435","targetHints":{"allow":["GET"]}}],"collection":[{"href":"https:\/\/rezervacie.krajzazitkov.sk\/en\/wp-json\/wp\/v2\/product"}],"about":[{"href":"https:\/\/rezervacie.krajzazitkov.sk\/en\/wp-json\/wp\/v2\/types\/product"}],"wp:featuredmedia":[{"embeddable":true,"href":"https:\/\/rezervacie.krajzazitkov.sk\/en\/wp-json\/wp\/v2\/media\/625"}],"wp:attachment":[{"href":"https:\/\/rezervacie.krajzazitkov.sk\/en\/wp-json\/wp\/v2\/media?parent=1435"}],"wp:term":[{"taxonomy":"product_brand","embeddable":true,"href":"https:\/\/rezervacie.krajzazitkov.sk\/en\/wp-json\/wp\/v2\/product_brand?post=1435"},{"taxonomy":"product_cat","embeddable":true,"href":"https:\/\/rezervacie.krajzazitkov.sk\/en\/wp-json\/wp\/v2\/product_cat?post=1435"},{"taxonomy":"product_tag","embeddable":true,"href":"https:\/\/rezervacie.krajzazitkov.sk\/en\/wp-json\/wp\/v2\/product_tag?post=1435"}],"curies":[{"name":"wp","href":"https:\/\/api.w.org\/{rel}","templated":true}]}}