{"id":1302,"date":"2025-02-20T09:45:52","date_gmt":"2025-02-20T08:45:52","guid":{"rendered":"https:\/\/rezervacie.krajzazitkov.sk\/?post_type=product&#038;p=1302"},"modified":"2026-03-27T10:13:28","modified_gmt":"2026-03-27T09:13:28","slug":"nivou-vahu-28-marca-2026-o-10-00-h","status":"publish","type":"product","link":"https:\/\/rezervacie.krajzazitkov.sk\/en\/product\/nivou-vahu-28-marca-2026-o-10-00-h\/","title":{"rendered":"(VYPREDAN\u00c9) Nivou V\u00e1hu \/\u00a028. marca 2026 o 10.00 h"},"content":{"rendered":"<p data-start=\"176\" data-end=\"228\"><em><strong data-start=\"176\" data-end=\"228\">D\u00f4le\u017eit\u00e9 upozornenie pre \u00fa\u010dastn\u00edkov Lesopotuliek<\/strong><\/em><\/p>\n<p data-start=\"230\" data-end=\"358\"><em>\u00da\u010dastn\u00edci organizovan\u00fdch prehliadok s\u00fa si vedom\u00ed, \u017ee turistika je akt\u00edvny \u0161port a jej vykon\u00e1vanie je spojen\u00e9 s fyzickou n\u00e1mahou.<\/em><\/p>\n<p data-start=\"360\" data-end=\"633\"><em>Organizovan\u00e9 prehliadky s\u00fa aktivity realizovan\u00e9 v kolekt\u00edve \u013eud\u00ed, preto si vy\u017eaduj\u00fa primeran\u00fa fyzick\u00fa a psychick\u00fa dispoz\u00edciu, schopnos\u0165 prisp\u00f4sobi\u0165 sa a by\u0165 s\u00fa\u010dinn\u00fd. Osob\u00e1m so zdravotn\u00fdmi alebo telesn\u00fdmi obmedzeniami sa neodpor\u00fa\u010da z\u00fa\u010dastni\u0165 sa tejto organizovanej aktivity.<\/em><\/p>\n<p data-start=\"635\" data-end=\"821\"><em>KOCR Trnavsk\u00fd kraj m\u00e1 z\u00e1ujem, aby organizovan\u00e9 prehliadky prebiehali v priate\u013eskej atmosf\u00e9re, \u00fa\u010dastn\u00edci mali pozit\u00edvny pr\u00edstup k akt\u00edvnej turistike a re\u0161pektovali v\u00fdklad sprev\u00e1dzaj\u00faceho.<\/em><\/p>\n<p data-start=\"823\" data-end=\"1036\"><em>Sprev\u00e1dzaj\u00faci\/organiz\u00e1tor m\u00e1 pr\u00e1vo bez n\u00e1roku na n\u00e1hradu vyl\u00fa\u010di\u0165 z organizovanej prehliadky osoby nar\u00fa\u0161aj\u00face jej priebeh, pr\u00edpadne in\u00e9 osoby, a to v s\u00falade so V\u0161eobecn\u00fdmi obchodn\u00fdmi podmienkami KOCR Trnavsk\u00fd kraj.<\/em><\/p>\n<p data-start=\"1038\" data-end=\"1215\"><em>KOCR Trnavsk\u00fd kraj nenesie \u017eiadnu zodpovednos\u0165 za ujmu na zdrav\u00ed \u00fa\u010dastn\u00edkov prehliadky ani za in\u00e9 \u0161kody vzniknut\u00e9 na trase prehliadok bez zavinenia zo strany KOCR Trnavsk\u00fd kraj.<\/em><\/p>\n<p><a href=\"https:\/\/rezervacie.krajzazitkov.sk\/en\/lesopotulky\/\"><strong>&lt;&lt;&lt; Back to the selection of dates<\/strong><\/a><\/p>","protected":false},"excerpt":{"rendered":"<p><strong>Pozorujte\u00a0rozmanitos\u0165 vt\u00e1\u010d\u00edch druhov,\u00a0ktor\u00e9\u00a0niva V\u00e1hu\u00a0ukr\u00fdva.\u00a0\u00a0<\/strong><\/p>\n<p><span data-contrast=\"auto\">Prevedieme v\u00e1s lu\u017en\u00fdm lesom rieky V\u00e1h, ktor\u00e1 je domovom rozmanit\u00fdch druhov operencov.\u00a0Tento z\u00e1\u017eitkov\u00fd turistick\u00fd v\u00fdlet je zameran\u00fd na \u017eiv\u00fa pr\u00edrodu, konkr\u00e9tne\u00a0vt\u00e1ky.\u00a0Prejdeme k \u0161trkovisk\u00e1m, kde s\u00eddli vz\u00e1cna kol\u00f3nia\u00a0volavkovit\u00fdch\u00a0vt\u00e1kov. V\u00fdlet je praktickou uk\u00e1\u017ekou, ako sa vt\u00e1ky prisp\u00f4sobuj\u00fa r\u00f4znym biotopom \u2013 od rieky a\u017e po vodn\u00fa n\u00e1dr\u017e \u2013 \u013eudsk\u00fdm stavb\u00e1m.\u00a0Sprievodcom\u00a0lesopotuliek\u00a0bud\u00fa ornitol\u00f3govia.<\/span><span data-ccp-props=\"{}\">\u00a0<\/span><\/p>\n<p><span data-contrast=\"auto\">Po\u010das v\u00fdletu si budeme v\u0161\u00edma\u0165 jarn\u00e9 pr\u00edlety vt\u00e1kov a pozorova\u0165, ako sa jar pomaly vracia do na\u0161ej pr\u00edrody.\u00a0Uvid\u00edme obnoven\u00fa kol\u00f3niu belor\u00edtok.\u00a0V sprievode odborn\u00edkov, ornitol\u00f3gov sa dozvieme o chr\u00e1nen\u00fdch vt\u00e1\u010d\u00edch \u00fazemiach na na\u0161om \u00fazem\u00ed, zauj\u00edmavostiach o ochrane r\u00f4znych druhov vt\u00e1kov.\u00a0<\/span><span data-ccp-props=\"{&quot;134233117&quot;:false,&quot;134233118&quot;:false,&quot;335557856&quot;:16777215,&quot;335559738&quot;:0,&quot;335559739&quot;:0}\">\u00a0<\/span><\/p>\n<p><span data-contrast=\"none\">Z\u00e1\u017eitkov\u00fd v\u00fdlet pozost\u00e1va z viacer\u00fdch zastaven\u00ed. <strong>Stretneme sa v sobotu 28. marca o 9:45 h na parkovisku pri detskom ihrisku v obci Doln\u00e1 Streda<\/strong> (<a href=\"https:\/\/maps.app.goo.gl\/6ABxGNtjMDRNAYHA9\">48.271000, 17.755917<\/a>), \u010do je za\u010diatok trasy. <strong>Zaparkova\u0165 auto<\/strong> odpor\u00fa\u010dame pri Kostole sv. Jakuba, po oboch stran\u00e1ch ulice Kostoln\u00e9 n\u00e1mestie. K miestu stretnutia je to 300 m (5 min\u00fat ch\u00f4dze).\u00a0\u00a0<\/span><span data-contrast=\"auto\">\u00a0<\/span><\/p>\n<p><span data-ccp-props=\"{&quot;134233117&quot;:false,&quot;134233118&quot;:false,&quot;201341983&quot;:0,&quot;335551550&quot;:1,&quot;335551620&quot;:1,&quot;335557856&quot;:16777215,&quot;335559738&quot;:60,&quot;335559739&quot;:0,&quot;335559740&quot;:240}\"><img loading=\"lazy\" decoding=\"async\" class=\"aligncenter wp-image-1786 size-full\" src=\"https:\/\/rezervacie.krajzazitkov.sk\/wp-content\/uploads\/2025\/02\/mapy_2026_Lesopotulky-12.png\" alt=\"\" width=\"1921\" height=\"1081\" srcset=\"https:\/\/rezervacie.krajzazitkov.sk\/wp-content\/uploads\/2025\/02\/mapy_2026_Lesopotulky-12.png 1921w, https:\/\/rezervacie.krajzazitkov.sk\/wp-content\/uploads\/2025\/02\/mapy_2026_Lesopotulky-12-300x169.png 300w, https:\/\/rezervacie.krajzazitkov.sk\/wp-content\/uploads\/2025\/02\/mapy_2026_Lesopotulky-12-1024x576.png 1024w, https:\/\/rezervacie.krajzazitkov.sk\/wp-content\/uploads\/2025\/02\/mapy_2026_Lesopotulky-12-768x432.png 768w, https:\/\/rezervacie.krajzazitkov.sk\/wp-content\/uploads\/2025\/02\/mapy_2026_Lesopotulky-12-1536x864.png 1536w, https:\/\/rezervacie.krajzazitkov.sk\/wp-content\/uploads\/2025\/02\/mapy_2026_Lesopotulky-12-18x10.png 18w, https:\/\/rezervacie.krajzazitkov.sk\/wp-content\/uploads\/2025\/02\/mapy_2026_Lesopotulky-12-600x338.png 600w\" sizes=\"auto, (max-width: 1921px) 100vw, 1921px\" \/>\u00a0<\/span><span data-ccp-props=\"{&quot;134233117&quot;:false,&quot;134233118&quot;:false,&quot;201341983&quot;:0,&quot;335551550&quot;:1,&quot;335551620&quot;:1,&quot;335557856&quot;:16777215,&quot;335559738&quot;:60,&quot;335559739&quot;:0,&quot;335559740&quot;:240}\">\u00a0<\/span><\/p>\n<p><span data-contrast=\"auto\">V\u00fdlet za\u010d\u00edna o 10.00 h.\u00a0Po trase z\u00a0vyhliadkovej ve\u017ee sa n\u00e1m naskytne poh\u013ead na roz\u013eahl\u00fa vodn\u00fa plochu Kr\u00e1\u013eovej, ktor\u00e1 je d\u00f4le\u017eit\u00e1 pre vodn\u00e9 vt\u00e1ky nielen po\u010das hniezdenia ale aj po\u010das migr\u00e1cie a zimn\u00e9ho obdobia.\u00a0Ak n\u00e1m bude pria\u0165 \u0161\u0165astie, mo\u017eno spozorujeme\u00a0chavko\u0161e\u00a0no\u010dn\u00e9,\u00a0<\/span><span data-contrast=\"none\">ktor\u00e9 v tom \u010dase u\u017e prilietaj\u00fa na na\u0161e \u00fazemie z Afriky.<\/span><span data-ccp-props=\"{&quot;134233117&quot;:false,&quot;134233118&quot;:false,&quot;335557856&quot;:16777215,&quot;335559738&quot;:0,&quot;335559739&quot;:0}\">\u00a0<\/span><\/p>\n<p><span data-ccp-props=\"{&quot;134233117&quot;:true,&quot;134233118&quot;:true,&quot;201341983&quot;:0,&quot;335559740&quot;:240}\">\u00a0<\/span><span data-contrast=\"none\">Okruh meria 10 km a je rovinat\u00e9ho charakteru. Na jeho absolvovanie s\u00fa potrebn\u00e9\u00a03-4 hodiny.\u00a0\u00a0<\/span><span data-ccp-props=\"{}\">\u00a0<\/span><\/p>\n<p><strong>Cena jednej vstupenky je 12 \u20ac (deti do 16 rokov maj\u00fa vstup vo\u013en\u00fd, je potrebn\u00e1 rezerv\u00e1cia formou n\u00e1kupu l\u00edstka v hodnote 0 eur). Z\u00e1\u017eitkov\u00e9 turistiky s\u00fa vhodn\u00e9 pre deti od 8 rokov.<\/strong><\/p>\n<p><strong>\u010co si zobra\u0165 so sebou?\u00a0<\/strong><\/p>\n<p><span data-contrast=\"none\">Na tento nen\u00e1ro\u010dn\u00fd v\u00fdlet nepotrebujete \u0161peci\u00e1lne vybavenie, zaba\u013ete si hlavne dobr\u00fa n\u00e1ladu. Z\u00edde sa v\u00e1m v\u0161ak aj \u010falekoh\u013ead, ak nejak\u00fd doma m\u00e1te, ur\u010dite si ho nezabudnite.<\/span><span data-ccp-props=\"{}\">\u00a0<\/span><\/p>\n<p><span data-contrast=\"none\">Contact\u00a0<\/span><a href=\"mailto:info@krajzazitkov.sk\"><span data-contrast=\"none\">info@krajzazitkov.sk<\/span><\/a><span data-ccp-props=\"{}\">\u00a0<\/span><\/p>","protected":false},"featured_media":1791,"template":"","meta":{"neve_meta_sidebar":"","neve_meta_container":"","neve_meta_enable_content_width":"off","neve_meta_content_width":100,"neve_meta_title_alignment":"","neve_meta_author_avatar":"","neve_post_elements_order":"","neve_meta_disable_header":"","neve_meta_disable_footer":"","neve_meta_disable_title":""},"product_brand":[],"product_cat":[15],"product_tag":[85],"class_list":{"0":"post-1302","1":"product","2":"type-product","3":"status-publish","4":"has-post-thumbnail","6":"product_cat-podujatia","7":"product_tag-lesopotulky","9":"first","10":"outofstock","11":"shipping-taxable","12":"purchasable","13":"product-type-variable"},"_links":{"self":[{"href":"https:\/\/rezervacie.krajzazitkov.sk\/en\/wp-json\/wp\/v2\/product\/1302","targetHints":{"allow":["GET"]}}],"collection":[{"href":"https:\/\/rezervacie.krajzazitkov.sk\/en\/wp-json\/wp\/v2\/product"}],"about":[{"href":"https:\/\/rezervacie.krajzazitkov.sk\/en\/wp-json\/wp\/v2\/types\/product"}],"wp:featuredmedia":[{"embeddable":true,"href":"https:\/\/rezervacie.krajzazitkov.sk\/en\/wp-json\/wp\/v2\/media\/1791"}],"wp:attachment":[{"href":"https:\/\/rezervacie.krajzazitkov.sk\/en\/wp-json\/wp\/v2\/media?parent=1302"}],"wp:term":[{"taxonomy":"product_brand","embeddable":true,"href":"https:\/\/rezervacie.krajzazitkov.sk\/en\/wp-json\/wp\/v2\/product_brand?post=1302"},{"taxonomy":"product_cat","embeddable":true,"href":"https:\/\/rezervacie.krajzazitkov.sk\/en\/wp-json\/wp\/v2\/product_cat?post=1302"},{"taxonomy":"product_tag","embeddable":true,"href":"https:\/\/rezervacie.krajzazitkov.sk\/en\/wp-json\/wp\/v2\/product_tag?post=1302"}],"curies":[{"name":"wp","href":"https:\/\/api.w.org\/{rel}","templated":true}]}}