{"id":1209,"date":"2024-10-17T09:28:34","date_gmt":"2024-10-17T07:28:34","guid":{"rendered":"https:\/\/rezervacie.krajzazitkov.sk\/?post_type=product&#038;p=1209"},"modified":"2024-11-14T08:50:00","modified_gmt":"2024-11-14T07:50:00","slug":"noc-divadiel-piestany-podla-wintera-16-novembra-o-17-30-h","status":"publish","type":"product","link":"https:\/\/rezervacie.krajzazitkov.sk\/en\/product\/noc-divadiel-piestany-podla-wintera-16-novembra-o-17-30-h\/","title":{"rendered":"Noc divadiel: Pie\u0161\u0165any pod\u013ea Wintera &#8211; 16. novembra o 17.30"},"content":{"rendered":"<p class=\"translation-block\">An experiential tour with memories of the indomitable businessman \u013dudov\u00edt Winter in headphones and performances by actors in historical costumes on the streets of Pie\u0161\u0165any. Unique format of Pie\u0161\u0165any \u00e1 la Mr. Winter stands between a dramatic work and a guided walk. It is based on the memoirs of a man who, at the age of 20, began to build the name of the Pie\u0161\u0165any spa and did not ease in his efforts even when he returned from a concentration camp with failing health.<\/p>\n<p><span class=\"TextRun SCXW179809080 BCX0\" lang=\"SK-SK\" xml:lang=\"SK-SK\" data-contrast=\"auto\"><em><span class=\"NormalTextRun SCXW179809080 BCX0\">Trnava Regional Tourism Board assumes no liability for personal injury to participants and other damages incurred at the event through no fault of Trnava Regional Tourism Board. <\/span><span class=\"NormalTextRun SCXW179809080 BCX0\">na podujat\u00ed <\/span><span class=\"NormalTextRun SCXW179809080 BCX0\">bez zavinenia KOCR Trnavsk\u00fd kraj<\/span><\/em><span class=\"NormalTextRun SCXW179809080 BCX0\">.\u00a0<\/span><\/span><span class=\"EOP SCXW179809080 BCX0\" data-ccp-props=\"{&quot;201341983&quot;:0,&quot;335551550&quot;:6,&quot;335551620&quot;:6,&quot;335559739&quot;:160,&quot;335559740&quot;:259}\">\u00a0<\/span><\/p>\n<p><a href=\"https:\/\/rezervacie.krajzazitkov.sk\/en\/\"><strong>&lt;&lt;&lt; Back to the selection of dates<\/strong><\/a><\/p>","protected":false},"excerpt":{"rendered":"<p><strong>Stretnite tvorcov z\u00e1\u017eitkovej preliadky Pie\u0161\u0165any pod\u013ea Wintera. Absolvova\u0165 ju m\u00f4\u017eete v mimoriandom term\u00edne 16. novembra ve\u010der. Pie\u0161\u0165any pod\u013ea Wintera s\u00fa s\u00fa\u010das\u0165ou eur\u00f3pskeho podujatia Noc divadiel 2024. Po z\u00e1\u017eitkovej prehliadke so sl\u00fachadlami na u\u0161iach a v\u00fdstupmi hercov priamo v uliciach mesta bude nasledova\u0165 diskusia s tvorcami a historikom vo Vile dr. Lisku (\u0160tef\u00e1nikova 1, Pie\u0161\u0165any).<\/strong><\/p>\n<p>Za\u010diatok mimoriadnej prehliadky je <strong>16. novembra o 17.30 h na Kolon\u00e1dovom moste<\/strong>. Trasa prehliadky pokra\u010duje zast\u00e1vkami pri Kursalone, Zelenom strome, barlol\u00e1ma\u010dovi, hoteli Thermia Palace, Pro Patrii a vrcholia na k\u00fapalisku Eva. D\u013a\u017eka trasy je necel\u00e9 2 kilometre. Prech\u00e1dzka trv\u00e1 pribli\u017ene 70 min\u00fat.<\/p>\n<p>Za\u010diatok diskusie s tvorcami <span data-contrast=\"auto\">Jurajom Bielikom a Katar\u00ednou \u0160afa\u0159\u00edkovou<\/span>, historikom Vladim\u00edrom Krupom a \u010fal\u0161\u00edmi hos\u0165ami <strong>vo Vile dr. Lisku je o 19.50 h.<\/strong> Pre z\u00e1ujemcov bude po diskusii spr\u00edstupnen\u00e1 hlavn\u00e1 expoz\u00edcia Balneologick\u00e9ho m\u00fazea Imricha Wintera v budove K\u00fape\u013enej dvorany.<\/p>\n<p><em>Each tour participant will receive headphones. The deposit for rental of headhones is 20 euros (payable in cash on the spot). This money will be refunded to the participants after the end of the tour on the basis of the return of undamaged headphones.<\/em><\/p>","protected":false},"featured_media":1216,"template":"","meta":{"neve_meta_sidebar":"","neve_meta_container":"","neve_meta_enable_content_width":"off","neve_meta_content_width":100,"neve_meta_title_alignment":"","neve_meta_author_avatar":"","neve_post_elements_order":"","neve_meta_disable_header":"","neve_meta_disable_footer":"","neve_meta_disable_title":""},"product_brand":[],"product_cat":[15],"product_tag":[],"class_list":{"0":"post-1209","1":"product","2":"type-product","3":"status-publish","4":"has-post-thumbnail","6":"product_cat-podujatia","8":"first","9":"outofstock","10":"shipping-taxable","11":"purchasable","12":"product-type-variable"},"_links":{"self":[{"href":"https:\/\/rezervacie.krajzazitkov.sk\/en\/wp-json\/wp\/v2\/product\/1209","targetHints":{"allow":["GET"]}}],"collection":[{"href":"https:\/\/rezervacie.krajzazitkov.sk\/en\/wp-json\/wp\/v2\/product"}],"about":[{"href":"https:\/\/rezervacie.krajzazitkov.sk\/en\/wp-json\/wp\/v2\/types\/product"}],"wp:featuredmedia":[{"embeddable":true,"href":"https:\/\/rezervacie.krajzazitkov.sk\/en\/wp-json\/wp\/v2\/media\/1216"}],"wp:attachment":[{"href":"https:\/\/rezervacie.krajzazitkov.sk\/en\/wp-json\/wp\/v2\/media?parent=1209"}],"wp:term":[{"taxonomy":"product_brand","embeddable":true,"href":"https:\/\/rezervacie.krajzazitkov.sk\/en\/wp-json\/wp\/v2\/product_brand?post=1209"},{"taxonomy":"product_cat","embeddable":true,"href":"https:\/\/rezervacie.krajzazitkov.sk\/en\/wp-json\/wp\/v2\/product_cat?post=1209"},{"taxonomy":"product_tag","embeddable":true,"href":"https:\/\/rezervacie.krajzazitkov.sk\/en\/wp-json\/wp\/v2\/product_tag?post=1209"}],"curies":[{"name":"wp","href":"https:\/\/api.w.org\/{rel}","templated":true}]}}