{"id":1053,"date":"2024-08-27T15:58:09","date_gmt":"2024-08-27T13:58:09","guid":{"rendered":"https:\/\/rezervacie.krajzazitkov.sk\/?post_type=product&#038;p=1053"},"modified":"2025-10-23T13:24:40","modified_gmt":"2025-10-23T11:24:40","slug":"svetlonos-na-splave-vah-sobota-25-oktobra-2025","status":"publish","type":"product","link":"https:\/\/rezervacie.krajzazitkov.sk\/en\/product\/svetlonos-na-splave-vah-sobota-25-oktobra-2025\/","title":{"rendered":"Svetlonos na splave: V\u00e1h"},"content":{"rendered":"<p><strong>Program:<\/strong><\/p>\n<p><span data-contrast=\"auto\">10:00 \u2013 Stretnutie pri futbalom ihrisku Slovan v Hlohovci,\u00a0 presun zabezpe\u010den\u00fdm autobusom na \u0161tart splavu k Ryb\u00e1rskej chate pri Jal\u0161ovom (cca 15 min), rozdelenie v\u00fdstroje a pos\u00e1dok, in\u0161trukt\u00e1\u017e a \u201cr\u00fdchlokurz\u201d p\u00e1dlovania pre za\u010diato\u010dn\u00edkov<\/span><span data-ccp-props=\"{&quot;134233117&quot;:false,&quot;134233118&quot;:false,&quot;335559738&quot;:0,&quot;335559739&quot;:0}\">\u00a0<\/span><\/p>\n<p><span data-contrast=\"auto\">Kr\u00e1tko pred 11:00 \u2013 Za\u010diatok splavu V\u00e1hu<\/span><span data-ccp-props=\"{&quot;134233117&quot;:false,&quot;134233118&quot;:false,&quot;335559738&quot;:0,&quot;335559739&quot;:0}\">\u00a0<\/span><\/p>\n<p><span data-contrast=\"auto\">13:30 \u2013 14:00 \u2013 Ukon\u010denie splavu na brehu V\u00e1hu pri futbalovom ihrisku Slovan v Hlohovci (na mieste, kde m\u00e1te zaparkovan\u00e9 aut\u00e1).<\/span><span data-ccp-props=\"{&quot;134233117&quot;:false,&quot;134233118&quot;:false,&quot;335559738&quot;:0,&quot;335559739&quot;:0}\">\u00a0<\/span><\/p>\n<p>&nbsp;<\/p>\n<p><em>\u00da\u010dastn\u00edci splavu s\u00fa si vedom\u00ed, \u017ee splavovanie je akt\u00edvny \u0161port a jeho vykon\u00e1vanie je spojen\u00e9 s fyzickou n\u00e1mahou.\u00a0\u00a0<\/em><\/p>\n<p><em>Organizovan\u00e9 splavy s\u00fa aktivity, ktor\u00e9 s\u00fa realizovan\u00e9 v kolekt\u00edve \u013eud\u00ed, preto si vy\u017eaduj\u00fa primeran\u00fa fyzick\u00fa a psychick\u00fa dispoz\u00edciu, schopnos\u0165 prisp\u00f4sobi\u0165 sa a by\u0165 s\u00fa\u010dinn\u00fd. Osob\u00e1m so zdravotn\u00fdmi a telesn\u00fdmi obmedzeniami sa neodpor\u00fa\u010da z\u00fa\u010dastni\u0165 sa tejto organizovanej aktivity.\u00a0\u00a0<\/em><\/p>\n<p><em>V\u0161etci \u00fa\u010dastn\u00edci potvrdzuj\u00fa, \u017ee vedia pl\u00e1va\u0165. \u00da\u010das\u0165 t\u00fdch, ktor\u00ed nedosahuj\u00fa vek 10 rokov si vy\u017eaduje p\u00edsomn\u00fd s\u00fahlas z\u00e1konn\u00e9ho z\u00e1stupcu na mieste.\u00a0<\/em><\/p>\n<p><em>KOCR Trnavsk\u00fd kraj m\u00e1 z\u00e1ujem, aby organizovan\u00e9 splavy prebiehali v priate\u013eskej atmosf\u00e9re, \u00fa\u010dastn\u00edci mali pozit\u00edvny pr\u00edstup k splavovaniu. V\u0161etci \u00fa\u010dastn\u00edci s\u00fa povinn\u00ed sledova\u0165 in\u0161trukcie a dodr\u017eiava\u0165 pravidl\u00e1 ur\u010den\u00e9 organiz\u00e1torom.\u00a0\u00a0<\/em><\/p>\n<p><em>Sprievodca\/organiz\u00e1tor m\u00e1 pr\u00e1vo bez n\u00e1roku na n\u00e1hradu vyl\u00fa\u010di\u0165 z organizovan\u00e9ho splavu osoby nar\u00fa\u0161aj\u00face priebeh splavu, pr\u00edp. in\u00e9 osoby, a to v s\u00falade so V\u0161eobecn\u00fdmi obchodn\u00fdmi podmienkami KOCR Trnavsk\u00fd kraj.\u00a0\u00a0<\/em><\/p>\n<p><em>KOCR Trnavsk\u00fd kraj nenesie \u017eiadnu zodpovednos\u0165 za ujmu na zdrav\u00ed \u00fa\u010dastn\u00edkov splavu a in\u00fdch \u0161kod\u00e1ch vzniknut\u00fdch na splave bez zavinenia KOCR Trnavsk\u00fd kraj.\u00a0\u00a0<\/em><\/p>\n<p><a href=\"https:\/\/rezervacie.krajzazitkov.sk\/en\/svetlonos-na-splave\/\"><strong>&lt;&lt;&lt; Back to the selection of dates<\/strong><\/a><\/p>","protected":false},"excerpt":{"rendered":"<p><strong><span data-contrast=\"auto\">Za\u017eite posledn\u00fd jesenn\u00fd v\u00fdlet na V\u00e1hu, po\u010das ktor\u00e9ho m\u00f4\u017eete z vodnej hladiny obdivova\u0165 za\u010d\u00ednaj\u00facu jese\u0148 v okol\u00ed Hlohovca. Svetlonos na vode sa kon\u00e1 v sobotu 25. okt\u00f3bra 2025. Na splave star\u00e9ho ramena najdlh\u0161ej slovenskej rieky v\u00e1s bud\u00fa sprev\u00e1dza\u0165 lok\u00e1lni vod\u00e1ci, ktor\u00ed v\u00e1m radi porozpr\u00e1vaj\u00fa o \u0161pecifik\u00e1ch tunaj\u0161ej pr\u00edrody.\u00a0<\/span><\/strong><\/p>\n<p><span data-contrast=\"auto\">Z\u00e1kladn\u00fd l\u00edstok:\u00a017 \u20ac<\/span><br \/>\n<span data-contrast=\"auto\">Z\u013eavnen\u00fd l\u00edstok (die\u0165a do 10 rokov):\u00a012 \u20ac<\/span><\/p>\n<h6><b><span data-contrast=\"auto\">V cene l\u00edstka je zahrnut\u00e9:<\/span><\/b><span data-ccp-props=\"{&quot;201341983&quot;:0,&quot;335559739&quot;:160,&quot;335559740&quot;:259}\">\u00a0<\/span><\/h6>\n<p><span data-contrast=\"auto\">\u2013 vod\u00e1cka v\u00fdstroj (raft, p\u00e1dlo, certifikovan\u00e9 pl\u00e1vacie vesty)<\/span><span data-ccp-props=\"{&quot;201341983&quot;:0,&quot;335559739&quot;:160,&quot;335559740&quot;:259}\"><br \/>\n<\/span><span data-contrast=\"auto\">\u2013 sudy pre uchov\u00e1vanie va\u0161ich osobn\u00fdch vec\u00ed<\/span><span data-ccp-props=\"{&quot;201341983&quot;:0,&quot;335559739&quot;:160,&quot;335559740&quot;:259}\"><br \/>\n<\/span><span data-contrast=\"auto\">\u2013 autobusov\u00e1 doprava k miestu za\u010datiu splavu<\/span><span data-ccp-props=\"{&quot;201341983&quot;:0,&quot;335559739&quot;:160,&quot;335559740&quot;:259}\"><br \/>\n<\/span><span data-contrast=\"auto\">\u2013 sk\u00fasen\u00ed sprievodcovia<\/span><span data-ccp-props=\"{&quot;201341983&quot;:0,&quot;335559739&quot;:160,&quot;335559740&quot;:259}\"><br \/>\n<\/span><span data-contrast=\"auto\">\u2013 \u201cr\u00fdchlokurz\u201d p\u00e1dlovania pre za\u010diato\u010dn\u00edkov<\/span><span data-ccp-props=\"{&quot;201341983&quot;:0,&quot;335559739&quot;:160,&quot;335559740&quot;:259}\"><br \/>\n<\/span><span data-contrast=\"auto\">\u2013 tepl\u00fd n\u00e1poj po splave<\/span><span data-ccp-props=\"{&quot;201341983&quot;:0,&quot;335559739&quot;:160,&quot;335559740&quot;:259}\">\u00a0<\/span><\/p>\n<h6><b><span data-contrast=\"auto\">Rafty<\/span><\/b><span data-ccp-props=\"{&quot;201341983&quot;:0,&quot;335559739&quot;:160,&quot;335559740&quot;:259}\">\u00a0<\/span><\/h6>\n<p><span data-contrast=\"auto\">Raft je ur\u010den\u00fd pre 5-7 os\u00f4b. Odpor\u00fa\u010dame zobra\u0165 si nepremokav\u00e9 top\u00e1nky a n\u00e1hradn\u00e9 oble\u010denie.<\/span><span data-ccp-props=\"{&quot;201341983&quot;:0,&quot;335559739&quot;:160,&quot;335559740&quot;:259}\">\u00a0<\/span><\/p>\n<p><em><span class=\"TextRun SCXW179472569 BCX0\" lang=\"SK-SK\" xml:lang=\"SK-SK\" data-contrast=\"none\"><span class=\"NormalTextRun SCXW179472569 BCX0\">Splav sa kon\u00e1 pri minim\u00e1lnom po\u010dte 15 os\u00f4b.<\/span><\/span><span class=\"EOP SCXW179472569 BCX0\" data-ccp-props=\"{&quot;134233117&quot;:false,&quot;134233118&quot;:false,&quot;335551550&quot;:1,&quot;335551620&quot;:1,&quot;335559738&quot;:0,&quot;335559739&quot;:0}\">\u00a0<\/span>V pr\u00edpade nepriazniv\u00e9ho po\u010dasia si organiz\u00e1tor (Krajsk\u00e1 organiz\u00e1cia cestovn\u00e9ho ruchu Trnavsk\u00fd kraj) vyhradzuje pr\u00e1vo presun\u00fa\u0165 podujatie. O pr\u00edpadnom presunut\u00ed akcie bude organiz\u00e1tor informova\u0165 \u00fa\u010dastn\u00edkov vopred prostredn\u00edctvom e-mailu. Zak\u00fapen\u00e9 l\u00edstky m\u00f4\u017eu ich majitelia vyu\u017ei\u0165\u00a0 na\u202fn\u00e1hradnom splave pri zah\u00e1jen\u00ed sez\u00f3ny v apr\u00edli 2026.<\/em><\/p>","protected":false},"featured_media":1698,"template":"","meta":{"neve_meta_sidebar":"","neve_meta_container":"","neve_meta_enable_content_width":"off","neve_meta_content_width":100,"neve_meta_title_alignment":"","neve_meta_author_avatar":"","neve_post_elements_order":"","neve_meta_disable_header":"","neve_meta_disable_footer":"","neve_meta_disable_title":""},"product_brand":[],"product_cat":[15],"product_tag":[88,87,90,89],"class_list":{"0":"post-1053","1":"product","2":"type-product","3":"status-publish","4":"has-post-thumbnail","6":"product_cat-podujatia","7":"product_tag-splav","8":"product_tag-svetlonos-na-splave","9":"product_tag-vah","10":"product_tag-vylet","12":"first","13":"outofstock","14":"shipping-taxable","15":"purchasable","16":"product-type-variable"},"_links":{"self":[{"href":"https:\/\/rezervacie.krajzazitkov.sk\/en\/wp-json\/wp\/v2\/product\/1053","targetHints":{"allow":["GET"]}}],"collection":[{"href":"https:\/\/rezervacie.krajzazitkov.sk\/en\/wp-json\/wp\/v2\/product"}],"about":[{"href":"https:\/\/rezervacie.krajzazitkov.sk\/en\/wp-json\/wp\/v2\/types\/product"}],"wp:featuredmedia":[{"embeddable":true,"href":"https:\/\/rezervacie.krajzazitkov.sk\/en\/wp-json\/wp\/v2\/media\/1698"}],"wp:attachment":[{"href":"https:\/\/rezervacie.krajzazitkov.sk\/en\/wp-json\/wp\/v2\/media?parent=1053"}],"wp:term":[{"taxonomy":"product_brand","embeddable":true,"href":"https:\/\/rezervacie.krajzazitkov.sk\/en\/wp-json\/wp\/v2\/product_brand?post=1053"},{"taxonomy":"product_cat","embeddable":true,"href":"https:\/\/rezervacie.krajzazitkov.sk\/en\/wp-json\/wp\/v2\/product_cat?post=1053"},{"taxonomy":"product_tag","embeddable":true,"href":"https:\/\/rezervacie.krajzazitkov.sk\/en\/wp-json\/wp\/v2\/product_tag?post=1053"}],"curies":[{"name":"wp","href":"https:\/\/api.w.org\/{rel}","templated":true}]}}