{"id":1823,"date":"2026-03-31T12:08:10","date_gmt":"2026-03-31T10:08:10","guid":{"rendered":"https:\/\/rezervacie.krajzazitkov.sk\/?page_id=1823"},"modified":"2026-04-09T14:21:54","modified_gmt":"2026-04-09T12:21:54","slug":"seniorske-cestovanie","status":"publish","type":"page","link":"https:\/\/rezervacie.krajzazitkov.sk\/en\/seniorske-cestovanie\/","title":{"rendered":"Seniorsk\u00e9 cestovanie"},"content":{"rendered":"<div style=\"height:30px\" aria-hidden=\"true\" class=\"wp-block-spacer\"><\/div>\n\n\n\n<div class=\"wp-block-columns is-layout-flex wp-container-core-columns-is-layout-9d6595d7 wp-block-columns-is-layout-flex\">\n<div class=\"wp-block-column is-layout-flow wp-block-column-is-layout-flow\" style=\"flex-basis:33.33%\">\n<figure class=\"wp-block-gallery has-nested-images columns-default is-cropped wp-block-gallery-1 is-layout-flex wp-block-gallery-is-layout-flex\">\n<figure class=\"wp-block-image size-large\"><img loading=\"lazy\" decoding=\"async\" width=\"819\" height=\"1024\" data-id=\"1824\" src=\"https:\/\/rezervacie.krajzazitkov.sk\/wp-content\/uploads\/2026\/03\/seniorske-cestovanie-02-1-819x1024.png\" alt=\"\" class=\"wp-image-1824\" srcset=\"https:\/\/rezervacie.krajzazitkov.sk\/wp-content\/uploads\/2026\/03\/seniorske-cestovanie-02-1-819x1024.png 819w, https:\/\/rezervacie.krajzazitkov.sk\/wp-content\/uploads\/2026\/03\/seniorske-cestovanie-02-1-240x300.png 240w, https:\/\/rezervacie.krajzazitkov.sk\/wp-content\/uploads\/2026\/03\/seniorske-cestovanie-02-1-768x960.png 768w, https:\/\/rezervacie.krajzazitkov.sk\/wp-content\/uploads\/2026\/03\/seniorske-cestovanie-02-1-10x12.png 10w, https:\/\/rezervacie.krajzazitkov.sk\/wp-content\/uploads\/2026\/03\/seniorske-cestovanie-02-1-600x750.png 600w, https:\/\/rezervacie.krajzazitkov.sk\/wp-content\/uploads\/2026\/03\/seniorske-cestovanie-02-1.png 1081w\" sizes=\"auto, (max-width: 819px) 100vw, 819px\" \/><\/figure>\n<\/figure>\n\n\n\n<div style=\"height:30px\" aria-hidden=\"true\" class=\"wp-block-spacer\"><\/div>\n\n\n\n<p class=\"has-small-font-size\"><strong>Podmienky \u00fa\u010dasti<\/strong>&nbsp;<\/p>\n\n\n\n<p class=\"has-small-font-size\">\u00da\u010dastn\u00edkom v\u00fdletu mus\u00ed by\u0165 v\u00fdlu\u010dne osoba seniorsk\u00e9ho veku, s trval\u00fdm, resp. prechodn\u00fdm pobytom v Olomouckom kraji v \u010ceskej republike.&nbsp;<\/p>\n\n\n\n<p class=\"has-small-font-size\">\u00da\u010dastn\u00edk v\u00fdletu si hrad\u00ed cestovn\u00e9 poistenie na vlastn\u00e9 n\u00e1klady.&nbsp;&nbsp;<\/p>\n\n\n\n<p class=\"has-small-font-size\">Tento organizovan\u00fd v\u00fdlet v kolekt\u00edve \u013eud\u00ed vy\u017eaduje primeran\u00fa fyzick\u00fa a psychick\u00fa dispoz\u00edciu, schopnos\u0165 prisp\u00f4sobi\u0165 sa a by\u0165 s\u00fa\u010dinn\u00fd. Osob\u00e1m so zdravotn\u00fdmi a telesn\u00fdmi obmedzeniami sa neodpor\u00fa\u010da z\u00fa\u010dastni\u0165 sa tejto organizovanej aktivity.<\/p>\n\n\n\n<p class=\"has-small-font-size\">KOCR Trnavsk\u00fd kraj m\u00e1 z\u00e1ujem, aby organizovan\u00e9 v\u00fdlety prebiehali v priate\u013eskej atmosf\u00e9re, \u00fa\u010dastn\u00edci mali pozit\u00edvny pr\u00edstup k spolo\u010dn\u00fdm aktivit\u00e1m. V\u0161etci \u00fa\u010dastn\u00edci s\u00fa povinn\u00ed sledova\u0165 in\u0161trukcie a dodr\u017eiava\u0165 pravidl\u00e1 ur\u010den\u00e9 organiz\u00e1torom.&nbsp;&nbsp;&nbsp;&nbsp;<\/p>\n\n\n\n<p class=\"has-small-font-size\">KOCR Trnavsk\u00fd kraj nenesie \u017eiadnu zodpovednos\u0165 za ujmu na zdrav\u00ed \u00fa\u010dastn\u00edkov v\u00fdletu a in\u00fdch \u0161kod\u00e1ch vzniknut\u00fdch na v\u00fdlete bez zavinenia KOCR Trnavsk\u00fd kraj, a to v s\u00falade so <a href=\"https:\/\/krajzazitkov.sk\/vseobecne-obchodne-podmienky\/\">V\u0161eobecn\u00fdmi obchodn\u00fdmi<\/a> podmienkami KOCR Trnavsk\u00fd kraj.&nbsp;&nbsp;<\/p>\n<\/div>\n\n\n\n<div class=\"wp-block-column is-layout-flow wp-block-column-is-layout-flow\" style=\"flex-basis:66.66%\">\n<h1 class=\"wp-block-heading\">Seniorsk\u00e9 cestovanie v Trnavskom kraji<\/h1>\n\n\n\n<p><strong>Z&nbsp;Olomouca a&nbsp;Pre\u0159ova&nbsp;v\u00e1s do Trnavsk\u00e9ho kraja pohodlne doprav\u00edme autobusom.&nbsp;<\/strong><\/p>\n\n\n\n<p><strong>Na v\u00fdber s\u00fa&nbsp;teda&nbsp;dva typy v\u00fdletu: celodenn\u00fd v\u00fdlet v Trnave a v Dolnej Krupe alebo v Hol\u00ed\u010di a Skalici. Sta\u010d\u00ed si vybra\u0165 a vyrazi\u0165 za dobrodru\u017estvom a pozn\u00e1van\u00edm.&nbsp;<\/strong><\/p>\n\n\n\n<p><strong>12.5.2026<\/strong> Trnava a Doln\u00e1 Krup\u00e1<br><strong>13.5.2026<\/strong> Hol\u00ed\u010d a Skalica<br><strong>26.5.2026<\/strong> Hol\u00ed\u010d a Skalica<br><strong>27.5.2026 <\/strong>Trnava a Doln\u00e1 Krup\u00e1<\/p>\n\n\n\n<p><strong>N\u00e1stupn\u00e9 miesta:<\/strong><br>8:00 h&nbsp;Olomouc \u2013 Hotel&nbsp;Clarion&nbsp;<br>8:30 h&nbsp;P\u0159erov&nbsp;\u2013 autobusov\u00e1 zast\u00e1vka&nbsp;Velk\u00e1&nbsp;Dl\u00e1\u017eka (sm\u011br&nbsp;z&nbsp;m\u011bsta)&nbsp;<\/p>\n\n\n\n<p><strong>Na va\u0161e ot\u00e1zky radi odpovieme telefonicky na \u010d\u00edsle +421 948 989 012 alebo e-mailom&nbsp;<a href=\"mailto:info@krajzazitkov.sk\" target=\"_blank\" rel=\"noreferrer noopener\">info@krajzazitkov.sk<\/a>.&nbsp;<\/strong><\/p>\n\n\n\n<p><strong>Cena: <\/strong>20 eur<\/p>\n\n\n\n<h2 class=\"wp-block-heading\">Tickets<\/h2>\n\n\n\n<div class=\"wp-block-columns is-layout-flex wp-container-core-columns-is-layout-9d6595d7 wp-block-columns-is-layout-flex\">\n<div class=\"wp-block-column is-layout-flow wp-block-column-is-layout-flow\">\n<div class=\"wp-block-buttons is-content-justification-center is-layout-flex wp-container-core-buttons-is-layout-16018d1d wp-block-buttons-is-layout-flex\">\n<div class=\"wp-block-button has-custom-width wp-block-button__width-100\"><a class=\"wp-block-button__link has-background wp-element-button\" href=\"https:\/\/rezervacie.krajzazitkov.sk\/en\/product\/trnava-a-dolna-krupa-12-5-2026\/\" style=\"background-color:#04accd\">Trnava a Doln\u00e1 Krup\u00e1 \/ 12. 5. 2026<\/a><\/div>\n\n\n\n<div class=\"wp-block-button has-custom-width wp-block-button__width-100\"><a class=\"wp-block-button__link has-background wp-element-button\" href=\"https:\/\/rezervacie.krajzazitkov.sk\/en\/product\/trnava-a-dolna-krupa-27-5-2026\/\" style=\"background-color:#04accd\">Trnava a Doln\u00e1 Krup\u00e1 \/ 27. 5. 2026<\/a><\/div>\n\n\n\n<div class=\"wp-block-button has-custom-width wp-block-button__width-100\"><a class=\"wp-block-button__link has-background wp-element-button\" href=\"https:\/\/rezervacie.krajzazitkov.sk\/en\/product\/holic-a-skalica-13-5-2026\/\" style=\"background-color:#04accd\">Hol\u00ed\u010d a Skalica \/ 13. 5. 2026 \/ VYPREDAN\u00c9<\/a><\/div>\n\n\n\n<div class=\"wp-block-button has-custom-width wp-block-button__width-100\"><a class=\"wp-block-button__link has-background wp-element-button\" href=\"https:\/\/rezervacie.krajzazitkov.sk\/en\/product\/holic-a-skalica-26-5-2026\/\" style=\"background-color:#04accd\">Hol\u00ed\u010d a Skalica \/ 26. 5. 2026 \/ VYPREDAN\u00c9<\/a><\/div>\n<\/div>\n<\/div>\n<\/div>\n<\/div>\n<\/div>","protected":false},"excerpt":{"rendered":"<p>Podmienky \u00fa\u010dasti&nbsp; \u00da\u010dastn\u00edkom v\u00fdletu mus\u00ed by\u0165 v\u00fdlu\u010dne osoba seniorsk\u00e9ho veku, s trval\u00fdm, resp. prechodn\u00fdm pobytom v Olomouckom kraji v \u010ceskej republike.&nbsp; \u00da\u010dastn\u00edk v\u00fdletu si hrad\u00ed cestovn\u00e9 poistenie na vlastn\u00e9 n\u00e1klady.&nbsp;&nbsp; Tento organizovan\u00fd v\u00fdlet v kolekt\u00edve \u013eud\u00ed vy\u017eaduje primeran\u00fa fyzick\u00fa a psychick\u00fa dispoz\u00edciu, schopnos\u0165 prisp\u00f4sobi\u0165 sa a by\u0165 s\u00fa\u010dinn\u00fd. Osob\u00e1m so zdravotn\u00fdmi a telesn\u00fdmi obmedzeniami sa&hellip;&nbsp;<a href=\"https:\/\/rezervacie.krajzazitkov.sk\/en\/seniorske-cestovanie\/\" rel=\"bookmark\">Read More &raquo;<span class=\"screen-reader-text\">Seniorsk\u00e9 cestovanie<\/span><\/a><\/p>","protected":false},"author":2,"featured_media":0,"parent":0,"menu_order":0,"comment_status":"closed","ping_status":"closed","template":"","meta":{"neve_meta_sidebar":"","neve_meta_container":"","neve_meta_enable_content_width":"","neve_meta_content_width":0,"neve_meta_title_alignment":"","neve_meta_author_avatar":"","neve_post_elements_order":"","neve_meta_disable_header":"","neve_meta_disable_footer":"","neve_meta_disable_title":"on","footnotes":""},"class_list":["post-1823","page","type-page","status-publish","hentry"],"_links":{"self":[{"href":"https:\/\/rezervacie.krajzazitkov.sk\/en\/wp-json\/wp\/v2\/pages\/1823","targetHints":{"allow":["GET"]}}],"collection":[{"href":"https:\/\/rezervacie.krajzazitkov.sk\/en\/wp-json\/wp\/v2\/pages"}],"about":[{"href":"https:\/\/rezervacie.krajzazitkov.sk\/en\/wp-json\/wp\/v2\/types\/page"}],"author":[{"embeddable":true,"href":"https:\/\/rezervacie.krajzazitkov.sk\/en\/wp-json\/wp\/v2\/users\/2"}],"replies":[{"embeddable":true,"href":"https:\/\/rezervacie.krajzazitkov.sk\/en\/wp-json\/wp\/v2\/comments?post=1823"}],"version-history":[{"count":8,"href":"https:\/\/rezervacie.krajzazitkov.sk\/en\/wp-json\/wp\/v2\/pages\/1823\/revisions"}],"predecessor-version":[{"id":1989,"href":"https:\/\/rezervacie.krajzazitkov.sk\/en\/wp-json\/wp\/v2\/pages\/1823\/revisions\/1989"}],"wp:attachment":[{"href":"https:\/\/rezervacie.krajzazitkov.sk\/en\/wp-json\/wp\/v2\/media?parent=1823"}],"curies":[{"name":"wp","href":"https:\/\/api.w.org\/{rel}","templated":true}]}}